{"id":4364,"date":"2025-07-15T11:12:55","date_gmt":"2025-07-15T11:12:55","guid":{"rendered":"https:\/\/new.dexo.cz\/?page_id=4364"},"modified":"2025-08-23T14:47:12","modified_gmt":"2025-08-23T14:47:12","slug":"dexo-living","status":"publish","type":"page","link":"https:\/\/dexo.cz\/en\/product\/dexo-living\/","title":{"rendered":"DEXO living"},"content":{"rendered":"<div data-elementor-type=\"wp-page\" data-elementor-id=\"4364\" class=\"elementor elementor-4364\" data-elementor-post-type=\"page\">\n\t\t\t\t<div class=\"elementor-element elementor-element-6bd41f5 e-flex e-con-boxed e-con e-parent\" data-id=\"6bd41f5\" data-element_type=\"container\">\n\t\t\t\t\t<div class=\"e-con-inner\">\n\t\t\t\t<div class=\"elementor-element elementor-element-8d42ae1 elementor-widget elementor-widget-heading\" data-id=\"8d42ae1\" data-element_type=\"widget\" data-widget_type=\"heading.default\">\n\t\t\t\t\t<h1 class=\"elementor-heading-title elementor-size-default\">DEXO living<\/h1>\t\t\t\t<\/div>\n\t\t\t\t<div class=\"elementor-element elementor-element-4a1e5b6 elementor-widget__width-initial elementor-widget-tablet__width-inherit elementor-widget elementor-widget-text-editor\" data-id=\"4a1e5b6\" data-element_type=\"widget\" data-widget_type=\"text-editor.default\">\n\t\t\t\t\t\t\t\t\t<p>We design and implement glass railings for exteriors and interiors, glass staircases, glass canopies, shower walls and design partitions for offices and living spaces. Moss walls and paintings are our pride and joy.<\/p>\t\t\t\t\t\t\t\t<\/div>\n\t\t\t\t<div class=\"elementor-element elementor-element-f0e7468 elementor-grid-3 elementor-grid-tablet-2 elementor-grid-mobile-1 elementor-widget elementor-widget-loop-grid\" data-id=\"f0e7468\" data-element_type=\"widget\" data-settings=\"{&quot;template_id&quot;:&quot;1768&quot;,&quot;row_gap_mobile&quot;:{&quot;unit&quot;:&quot;px&quot;,&quot;size&quot;:40,&quot;sizes&quot;:[]},&quot;_skin&quot;:&quot;post&quot;,&quot;columns&quot;:&quot;3&quot;,&quot;columns_tablet&quot;:&quot;2&quot;,&quot;columns_mobile&quot;:&quot;1&quot;,&quot;edit_handle_selector&quot;:&quot;[data-elementor-type=\\&quot;loop-item\\&quot;]&quot;,&quot;row_gap&quot;:{&quot;unit&quot;:&quot;px&quot;,&quot;size&quot;:&quot;&quot;,&quot;sizes&quot;:[]},&quot;row_gap_tablet&quot;:{&quot;unit&quot;:&quot;px&quot;,&quot;size&quot;:&quot;&quot;,&quot;sizes&quot;:[]}}\" data-widget_type=\"loop-grid.post\">\n\t\t\t\t<div class=\"elementor-widget-container\">\n\t\t\t\t\t\t\t<div class=\"elementor-loop-container elementor-grid\" role=\"list\">\n\t\t<style id=\"loop-1768\">.elementor-1768 .elementor-element.elementor-element-15a08c2{--display:flex;--flex-direction:column;--container-widget-width:100%;--container-widget-height:initial;--container-widget-flex-grow:0;--container-widget-align-self:initial;--flex-wrap-mobile:wrap;--gap:0px 0px;--row-gap:0px;--column-gap:0px;--padding-top:0px;--padding-bottom:0px;--padding-left:0px;--padding-right:0px;}.elementor-widget-image .widget-image-caption{color:var( --e-global-color-text );font-family:var( --e-global-typography-text-font-family ), Sans-serif;font-weight:var( --e-global-typography-text-font-weight );}.elementor-1768 .elementor-element.elementor-element-4f9215c img{height:370px;object-fit:cover;object-position:center center;}.elementor-1768 .elementor-element.elementor-element-de61945{--display:flex;--padding-top:0px;--padding-bottom:0px;--padding-left:0px;--padding-right:0px;}.elementor-widget-icon-box.elementor-view-stacked .elementor-icon{background-color:var( --e-global-color-primary );}.elementor-widget-icon-box.elementor-view-framed .elementor-icon, .elementor-widget-icon-box.elementor-view-default .elementor-icon{fill:var( --e-global-color-primary );color:var( --e-global-color-primary );border-color:var( --e-global-color-primary );}.elementor-widget-icon-box .elementor-icon-box-title, .elementor-widget-icon-box .elementor-icon-box-title a{font-family:var( --e-global-typography-primary-font-family ), Sans-serif;font-weight:var( --e-global-typography-primary-font-weight );}.elementor-widget-icon-box .elementor-icon-box-title{color:var( --e-global-color-primary );}.elementor-widget-icon-box:has(:hover) .elementor-icon-box-title,\n\t\t\t\t\t .elementor-widget-icon-box:has(:focus) .elementor-icon-box-title{color:var( --e-global-color-primary );}.elementor-widget-icon-box .elementor-icon-box-description{font-family:var( --e-global-typography-text-font-family ), Sans-serif;font-weight:var( --e-global-typography-text-font-weight );color:var( --e-global-color-text );}.elementor-1768 .elementor-element.elementor-element-59d1f6c .elementor-icon-box-wrapper{gap:5px;}.elementor-1768 .elementor-element.elementor-element-59d1f6c .elementor-icon-box-title{margin-block-end:0px;}.elementor-1768 .elementor-element.elementor-element-59d1f6c .elementor-icon{font-size:17px;}.elementor-1768 .elementor-element.elementor-element-59d1f6c .elementor-icon-box-title, .elementor-1768 .elementor-element.elementor-element-59d1f6c .elementor-icon-box-title a{font-family:\"Barlow\", Sans-serif;font-size:40px;font-weight:normal;}.elementor-1768 .elementor-element.elementor-element-59d1f6c:has(:hover) .elementor-icon-box-title,\n\t\t\t\t\t .elementor-1768 .elementor-element.elementor-element-59d1f6c:has(:focus) .elementor-icon-box-title{color:var( --e-global-color-accent );}@media(max-width:1024px){.elementor-1768 .elementor-element.elementor-element-59d1f6c .elementor-icon-box-title, .elementor-1768 .elementor-element.elementor-element-59d1f6c .elementor-icon-box-title a{font-size:28px;}}@media(max-width:767px){.elementor-1768 .elementor-element.elementor-element-15a08c2{--min-height:330px;--gap:16px 16px;--row-gap:16px;--column-gap:16px;}}\/* Start custom CSS for image, class: .elementor-element-4f9215c *\/\/* Obr\u00e1zkov\u00fd box \u2013 univerz\u00e1ln\u011b pou\u017eiteln\u00fd *\/\n.elementor-1768 .elementor-element.elementor-element-4f9215c {\n  display: block;\n  width: 100%;\n\n       \n  background-size: cover;\n  background-position: center;\n  background-repeat: no-repeat;\n}\n\n\/* wrapper pro zoom efekt *\/\n.img-zoom {\n  position: relative;\n  overflow: hidden;\n  display: block;\n  line-height: 0; \/* odstran\u00ed baseline mezeru *\/\n}\n\n\/* samotn\u00fd <img> uvnit\u0159 *\/\n.img-zoom img {\n  display: block;\n  width: 100%;\n  height: auto;               \/* zachov\u00e1 proporce *\/\n  object-fit: cover;          \/* funguje na <img> *\/\n  aspect-ratio: 16 \/ 9;       \/* zajist\u00ed, \u017ee se chov\u00e1 jako background *\/\n  \n  transform: translateZ(0) scale(1);\n  backface-visibility: hidden;\n  will-change: transform;\n  transform-origin: center;\n  transition: transform .6s ease;\n}\n\n\/* overlay *\/\n.img-zoom::after {\n  content: \"\";\n  position: absolute;\n  inset: 0;\n  background: rgba(0,0,0,0);\n  transition: background .6s ease;\n  pointer-events: none;\n}\n\n\/* hover efekty *\/\n.img-zoom:hover img {\n  transform: translateZ(0) scale(1.05);\n}\n.img-zoom:hover::after {\n  background: rgba(0,0,0,.2);\n}\n\n\/* respektov\u00e1n\u00ed accessibility nastaven\u00ed *\/\n@media (prefers-reduced-motion: reduce) {\n  .img-zoom img { transition: none; }\n  .img-zoom::after { transition: none; }\n}\/* End custom CSS *\/\n\/* Start custom CSS for icon-box, class: .elementor-element-59d1f6c *\/.elementor-1768 .elementor-element.elementor-element-59d1f6c svg{\n  margin-top: clamp(20px, 2.7vw, 30px);\n}\/* End custom CSS *\/<\/style>\t\t<div data-elementor-type=\"loop-item\" data-elementor-id=\"1768\" class=\"elementor elementor-1768 e-loop-item e-loop-item-3614 post-3614 produkty type-produkty status-publish has-post-thumbnail hentry category-prosklena-zabradli category-dexo-living\" data-elementor-post-type=\"elementor_library\" data-custom-edit-handle=\"1\">\n\t\t\t<div class=\"elementor-element elementor-element-15a08c2 e-flex e-con-boxed e-con e-parent\" data-id=\"15a08c2\" data-element_type=\"container\" data-settings=\"{&quot;background_background&quot;:&quot;classic&quot;}\">\n\t\t\t\t\t<div class=\"e-con-inner\">\n\t\t\t\t<div class=\"elementor-element elementor-element-4f9215c img-zoom elementor-widget elementor-widget-image\" data-id=\"4f9215c\" data-element_type=\"widget\" data-widget_type=\"image.default\">\n\t\t\t\t\t\t\t\t\t\t\t\t\t\t\t\t<a href=\"https:\/\/dexo.cz\/en\/products\/glass-railings\/\">\n\t\t\t\t\t\t\t<img fetchpriority=\"high\" decoding=\"async\" width=\"1920\" height=\"1280\" src=\"https:\/\/dexo.cz\/wp-content\/uploads\/2025\/07\/013-zemako-web_uprava.webp\" class=\"attachment-full size-full wp-image-4391\" alt=\"\" srcset=\"https:\/\/dexo.cz\/wp-content\/uploads\/2025\/07\/013-zemako-web_uprava.webp 1920w, https:\/\/dexo.cz\/wp-content\/uploads\/2025\/07\/013-zemako-web_uprava-300x200.webp 300w, https:\/\/dexo.cz\/wp-content\/uploads\/2025\/07\/013-zemako-web_uprava-1024x683.webp 1024w, https:\/\/dexo.cz\/wp-content\/uploads\/2025\/07\/013-zemako-web_uprava-768x512.webp 768w, https:\/\/dexo.cz\/wp-content\/uploads\/2025\/07\/013-zemako-web_uprava-1536x1024.webp 1536w, https:\/\/dexo.cz\/wp-content\/uploads\/2025\/07\/013-zemako-web_uprava-18x12.webp 18w\" sizes=\"(max-width: 1920px) 100vw, 1920px\" \/>\t\t\t\t\t\t\t\t<\/a>\n\t\t\t\t\t\t\t\t\t\t\t\t\t\t\t<\/div>\n\t\t<div class=\"elementor-element elementor-element-de61945 e-con-full e-flex e-con e-child\" data-id=\"de61945\" data-element_type=\"container\">\n\t\t\t\t<div class=\"elementor-element elementor-element-59d1f6c elementor-position-inline-start elementor-mobile-position-inline-start elementor-view-default elementor-widget elementor-widget-icon-box\" data-id=\"59d1f6c\" data-element_type=\"widget\" data-widget_type=\"icon-box.default\">\n\t\t\t\t\t\t\t<div class=\"elementor-icon-box-wrapper\">\n\n\t\t\t\t\t\t<div class=\"elementor-icon-box-icon\">\n\t\t\t\t<a href=\"https:\/\/dexo.cz\/en\/products\/glass-railings\/\" class=\"elementor-icon\" tabindex=\"-1\" aria-label=\"Glass railings\">\n\t\t\t\t<svg xmlns=\"http:\/\/www.w3.org\/2000\/svg\" width=\"3\" height=\"5\" viewbox=\"0 0 3 5\" fill=\"none\"><path d=\"M0.104 4.176C0.056 4.176 0.024 4.164 0.00800003 4.14C-0.00800001 4.108 -1.86265e-08 4.072 0.032 4.032L1.52 2.124C1.536 2.1 1.536 2.076 1.52 2.052L0.032 0.144C0.016 0.128 0.00800003 0.104 0.00800003 0.0719998C0.00800003 0.0559998 0.016 0.0399998 0.032 0.024C0.048 0.00800002 0.072 0 0.104 0H0.68C0.752 0 0.804 0.0239999 0.836 0.0719998L2.348 2.004C2.364 2.028 2.372 2.056 2.372 2.088C2.372 2.12 2.364 2.148 2.348 2.172L0.836 4.104C0.804 4.152 0.752 4.176 0.68 4.176H0.104Z\" fill=\"black\"><\/path><\/svg>\t\t\t\t<\/a>\n\t\t\t<\/div>\n\t\t\t\n\t\t\t\t\t\t<div class=\"elementor-icon-box-content\">\n\n\t\t\t\t\t\t\t\t\t<h2 class=\"elementor-icon-box-title\">\n\t\t\t\t\t\t<a href=\"https:\/\/dexo.cz\/en\/products\/glass-railings\/\" >\n\t\t\t\t\t\t\tGlass railings\t\t\t\t\t\t<\/a>\n\t\t\t\t\t<\/h2>\n\t\t\t\t\n\t\t\t\t\n\t\t\t<\/div>\n\t\t\t\n\t\t<\/div>\n\t\t\t\t\t\t<\/div>\n\t\t\t\t<\/div>\n\t\t\t\t\t<\/div>\n\t\t\t\t<\/div>\n\t\t\t\t<\/div>\n\t\t\t\t<div data-elementor-type=\"loop-item\" data-elementor-id=\"1768\" class=\"elementor elementor-1768 e-loop-item e-loop-item-4399 post-4399 produkty type-produkty status-publish has-post-thumbnail hentry category-prosklena-schodiste category-dexo-living\" data-elementor-post-type=\"elementor_library\" data-custom-edit-handle=\"1\">\n\t\t\t<div class=\"elementor-element elementor-element-15a08c2 e-flex e-con-boxed e-con e-parent\" data-id=\"15a08c2\" data-element_type=\"container\" data-settings=\"{&quot;background_background&quot;:&quot;classic&quot;}\">\n\t\t\t\t\t<div class=\"e-con-inner\">\n\t\t\t\t<div class=\"elementor-element elementor-element-4f9215c img-zoom elementor-widget elementor-widget-image\" data-id=\"4f9215c\" data-element_type=\"widget\" data-widget_type=\"image.default\">\n\t\t\t\t\t\t\t\t\t\t\t\t\t\t\t\t<a href=\"https:\/\/dexo.cz\/en\/products\/glazed-staircase\/\">\n\t\t\t\t\t\t\t<img decoding=\"async\" width=\"1920\" height=\"1278\" src=\"https:\/\/dexo.cz\/wp-content\/uploads\/2025\/07\/intrier-rodinny-dum-002-web.webp\" class=\"attachment-full size-full wp-image-4413\" alt=\"\" srcset=\"https:\/\/dexo.cz\/wp-content\/uploads\/2025\/07\/intrier-rodinny-dum-002-web.webp 1920w, https:\/\/dexo.cz\/wp-content\/uploads\/2025\/07\/intrier-rodinny-dum-002-web-300x200.webp 300w, https:\/\/dexo.cz\/wp-content\/uploads\/2025\/07\/intrier-rodinny-dum-002-web-1024x682.webp 1024w, https:\/\/dexo.cz\/wp-content\/uploads\/2025\/07\/intrier-rodinny-dum-002-web-768x511.webp 768w, https:\/\/dexo.cz\/wp-content\/uploads\/2025\/07\/intrier-rodinny-dum-002-web-1536x1022.webp 1536w, https:\/\/dexo.cz\/wp-content\/uploads\/2025\/07\/intrier-rodinny-dum-002-web-18x12.webp 18w\" sizes=\"(max-width: 1920px) 100vw, 1920px\" \/>\t\t\t\t\t\t\t\t<\/a>\n\t\t\t\t\t\t\t\t\t\t\t\t\t\t\t<\/div>\n\t\t<div class=\"elementor-element elementor-element-de61945 e-con-full e-flex e-con e-child\" data-id=\"de61945\" data-element_type=\"container\">\n\t\t\t\t<div class=\"elementor-element elementor-element-59d1f6c elementor-position-inline-start elementor-mobile-position-inline-start elementor-view-default elementor-widget elementor-widget-icon-box\" data-id=\"59d1f6c\" data-element_type=\"widget\" data-widget_type=\"icon-box.default\">\n\t\t\t\t\t\t\t<div class=\"elementor-icon-box-wrapper\">\n\n\t\t\t\t\t\t<div class=\"elementor-icon-box-icon\">\n\t\t\t\t<a href=\"https:\/\/dexo.cz\/en\/products\/glazed-staircase\/\" class=\"elementor-icon\" tabindex=\"-1\" aria-label=\"Glass staircases\">\n\t\t\t\t<svg xmlns=\"http:\/\/www.w3.org\/2000\/svg\" width=\"3\" height=\"5\" viewbox=\"0 0 3 5\" fill=\"none\"><path d=\"M0.104 4.176C0.056 4.176 0.024 4.164 0.00800003 4.14C-0.00800001 4.108 -1.86265e-08 4.072 0.032 4.032L1.52 2.124C1.536 2.1 1.536 2.076 1.52 2.052L0.032 0.144C0.016 0.128 0.00800003 0.104 0.00800003 0.0719998C0.00800003 0.0559998 0.016 0.0399998 0.032 0.024C0.048 0.00800002 0.072 0 0.104 0H0.68C0.752 0 0.804 0.0239999 0.836 0.0719998L2.348 2.004C2.364 2.028 2.372 2.056 2.372 2.088C2.372 2.12 2.364 2.148 2.348 2.172L0.836 4.104C0.804 4.152 0.752 4.176 0.68 4.176H0.104Z\" fill=\"black\"><\/path><\/svg>\t\t\t\t<\/a>\n\t\t\t<\/div>\n\t\t\t\n\t\t\t\t\t\t<div class=\"elementor-icon-box-content\">\n\n\t\t\t\t\t\t\t\t\t<h2 class=\"elementor-icon-box-title\">\n\t\t\t\t\t\t<a href=\"https:\/\/dexo.cz\/en\/products\/glazed-staircase\/\" >\n\t\t\t\t\t\t\tGlass staircases\t\t\t\t\t\t<\/a>\n\t\t\t\t\t<\/h2>\n\t\t\t\t\n\t\t\t\t\n\t\t\t<\/div>\n\t\t\t\n\t\t<\/div>\n\t\t\t\t\t\t<\/div>\n\t\t\t\t<\/div>\n\t\t\t\t\t<\/div>\n\t\t\t\t<\/div>\n\t\t\t\t<\/div>\n\t\t\t\t<div data-elementor-type=\"loop-item\" data-elementor-id=\"1768\" class=\"elementor elementor-1768 e-loop-item e-loop-item-4418 post-4418 produkty type-produkty status-publish has-post-thumbnail hentry category-mechove-steny category-dexo-living\" data-elementor-post-type=\"elementor_library\" data-custom-edit-handle=\"1\">\n\t\t\t<div class=\"elementor-element elementor-element-15a08c2 e-flex e-con-boxed e-con e-parent\" data-id=\"15a08c2\" data-element_type=\"container\" data-settings=\"{&quot;background_background&quot;:&quot;classic&quot;}\">\n\t\t\t\t\t<div class=\"e-con-inner\">\n\t\t\t\t<div class=\"elementor-element elementor-element-4f9215c img-zoom elementor-widget elementor-widget-image\" data-id=\"4f9215c\" data-element_type=\"widget\" data-widget_type=\"image.default\">\n\t\t\t\t\t\t\t\t\t\t\t\t\t\t\t\t<a href=\"https:\/\/dexo.cz\/en\/products\/moss-walls\/\">\n\t\t\t\t\t\t\t<img decoding=\"async\" width=\"1600\" height=\"1067\" src=\"https:\/\/dexo.cz\/wp-content\/uploads\/2025\/07\/021-zemako-2851-web.webp\" class=\"attachment-full size-full wp-image-4419\" alt=\"\" srcset=\"https:\/\/dexo.cz\/wp-content\/uploads\/2025\/07\/021-zemako-2851-web.webp 1600w, https:\/\/dexo.cz\/wp-content\/uploads\/2025\/07\/021-zemako-2851-web-300x200.webp 300w, https:\/\/dexo.cz\/wp-content\/uploads\/2025\/07\/021-zemako-2851-web-1024x683.webp 1024w, https:\/\/dexo.cz\/wp-content\/uploads\/2025\/07\/021-zemako-2851-web-768x512.webp 768w, https:\/\/dexo.cz\/wp-content\/uploads\/2025\/07\/021-zemako-2851-web-1536x1024.webp 1536w, https:\/\/dexo.cz\/wp-content\/uploads\/2025\/07\/021-zemako-2851-web-18x12.webp 18w\" sizes=\"(max-width: 1600px) 100vw, 1600px\" \/>\t\t\t\t\t\t\t\t<\/a>\n\t\t\t\t\t\t\t\t\t\t\t\t\t\t\t<\/div>\n\t\t<div class=\"elementor-element elementor-element-de61945 e-con-full e-flex e-con e-child\" data-id=\"de61945\" data-element_type=\"container\">\n\t\t\t\t<div class=\"elementor-element elementor-element-59d1f6c elementor-position-inline-start elementor-mobile-position-inline-start elementor-view-default elementor-widget elementor-widget-icon-box\" data-id=\"59d1f6c\" data-element_type=\"widget\" data-widget_type=\"icon-box.default\">\n\t\t\t\t\t\t\t<div class=\"elementor-icon-box-wrapper\">\n\n\t\t\t\t\t\t<div class=\"elementor-icon-box-icon\">\n\t\t\t\t<a href=\"https:\/\/dexo.cz\/en\/products\/moss-walls\/\" class=\"elementor-icon\" tabindex=\"-1\" aria-label=\"Moss walls\">\n\t\t\t\t<svg xmlns=\"http:\/\/www.w3.org\/2000\/svg\" width=\"3\" height=\"5\" viewbox=\"0 0 3 5\" fill=\"none\"><path d=\"M0.104 4.176C0.056 4.176 0.024 4.164 0.00800003 4.14C-0.00800001 4.108 -1.86265e-08 4.072 0.032 4.032L1.52 2.124C1.536 2.1 1.536 2.076 1.52 2.052L0.032 0.144C0.016 0.128 0.00800003 0.104 0.00800003 0.0719998C0.00800003 0.0559998 0.016 0.0399998 0.032 0.024C0.048 0.00800002 0.072 0 0.104 0H0.68C0.752 0 0.804 0.0239999 0.836 0.0719998L2.348 2.004C2.364 2.028 2.372 2.056 2.372 2.088C2.372 2.12 2.364 2.148 2.348 2.172L0.836 4.104C0.804 4.152 0.752 4.176 0.68 4.176H0.104Z\" fill=\"black\"><\/path><\/svg>\t\t\t\t<\/a>\n\t\t\t<\/div>\n\t\t\t\n\t\t\t\t\t\t<div class=\"elementor-icon-box-content\">\n\n\t\t\t\t\t\t\t\t\t<h2 class=\"elementor-icon-box-title\">\n\t\t\t\t\t\t<a href=\"https:\/\/dexo.cz\/en\/products\/moss-walls\/\" >\n\t\t\t\t\t\t\tMoss walls\t\t\t\t\t\t<\/a>\n\t\t\t\t\t<\/h2>\n\t\t\t\t\n\t\t\t\t\n\t\t\t<\/div>\n\t\t\t\n\t\t<\/div>\n\t\t\t\t\t\t<\/div>\n\t\t\t\t<\/div>\n\t\t\t\t\t<\/div>\n\t\t\t\t<\/div>\n\t\t\t\t<\/div>\n\t\t\t\t<\/div>\n\t\t\n\t\t\t\t\t\t<\/div>\n\t\t\t\t<\/div>\n\t\t\t\t\t<\/div>\n\t\t\t\t<\/div>\n\t\t\t\t<\/div>","protected":false},"excerpt":{"rendered":"<p>We design and implement glass railings for exteriors and interiors, glass staircases, glass canopies, shower walls and design partitions for offices and living spaces. Moss walls and paintings are our pride and joy.<\/p>","protected":false},"author":5,"featured_media":0,"parent":3418,"menu_order":0,"comment_status":"closed","ping_status":"closed","template":"","meta":{"footnotes":""},"class_list":["post-4364","page","type-page","status-publish","hentry"],"_links":{"self":[{"href":"https:\/\/dexo.cz\/en\/wp-json\/wp\/v2\/pages\/4364","targetHints":{"allow":["GET"]}}],"collection":[{"href":"https:\/\/dexo.cz\/en\/wp-json\/wp\/v2\/pages"}],"about":[{"href":"https:\/\/dexo.cz\/en\/wp-json\/wp\/v2\/types\/page"}],"author":[{"embeddable":true,"href":"https:\/\/dexo.cz\/en\/wp-json\/wp\/v2\/users\/5"}],"replies":[{"embeddable":true,"href":"https:\/\/dexo.cz\/en\/wp-json\/wp\/v2\/comments?post=4364"}],"version-history":[{"count":0,"href":"https:\/\/dexo.cz\/en\/wp-json\/wp\/v2\/pages\/4364\/revisions"}],"up":[{"embeddable":true,"href":"https:\/\/dexo.cz\/en\/wp-json\/wp\/v2\/pages\/3418"}],"wp:attachment":[{"href":"https:\/\/dexo.cz\/en\/wp-json\/wp\/v2\/media?parent=4364"}],"curies":[{"name":"wp","href":"https:\/\/api.w.org\/{rel}","templated":true}]}}