{"id":154,"date":"2023-11-15T12:26:26","date_gmt":"2023-11-15T12:26:26","guid":{"rendered":"https:\/\/new.dexo.cz\/?page_id=154"},"modified":"2026-03-10T14:45:24","modified_gmt":"2026-03-10T14:45:24","slug":"kontakt","status":"publish","type":"page","link":"https:\/\/dexo.cz\/sk\/kontakt\/","title":{"rendered":"Kontakt"},"content":{"rendered":"<div data-elementor-type=\"wp-page\" data-elementor-id=\"154\" class=\"elementor elementor-154\" data-elementor-post-type=\"page\">\n\t\t\t\t<div class=\"elementor-element elementor-element-d9632c3 e-flex e-con-boxed e-con e-parent\" data-id=\"d9632c3\" data-element_type=\"container\">\n\t\t\t\t\t<div class=\"e-con-inner\">\n\t\t\t\t<div class=\"elementor-element elementor-element-7ea3911 elementor-widget elementor-widget-heading\" data-id=\"7ea3911\" data-element_type=\"widget\" data-widget_type=\"heading.default\">\n\t\t\t\t\t<h1 class=\"elementor-heading-title elementor-size-default\">Kontakt<\/h1>\t\t\t\t<\/div>\n\t\t\t\t<div class=\"elementor-element elementor-element-da51a38 elementor-widget-divider--view-line elementor-widget elementor-widget-divider\" data-id=\"da51a38\" data-element_type=\"widget\" data-widget_type=\"divider.default\">\n\t\t\t\t\t\t\t<div class=\"elementor-divider\">\n\t\t\t<span class=\"elementor-divider-separator\">\n\t\t\t\t\t\t<\/span>\n\t\t<\/div>\n\t\t\t\t\t\t<\/div>\n\t\t\t\t\t<\/div>\n\t\t\t\t<\/div>\n\t\t<div class=\"elementor-element elementor-element-ce4e8ee e-flex e-con-boxed e-con e-parent\" data-id=\"ce4e8ee\" data-element_type=\"container\">\n\t\t\t\t\t<div class=\"e-con-inner\">\n\t\t<div class=\"elementor-element elementor-element-f92af80 e-con-full e-grid e-con e-child\" data-id=\"f92af80\" data-element_type=\"container\">\n\t\t<div class=\"elementor-element elementor-element-e8c778c e-con-full e-flex e-con e-child\" data-id=\"e8c778c\" data-element_type=\"container\">\n\t\t\t\t<div class=\"elementor-element elementor-element-a791276 elementor-widget__width-initial elementor-position-top elementor-widget elementor-widget-image-box\" data-id=\"a791276\" data-element_type=\"widget\" data-widget_type=\"image-box.default\">\n\t\t\t\t\t<div class=\"elementor-image-box-wrapper\"><figure class=\"elementor-image-box-img\"><img fetchpriority=\"high\" decoding=\"async\" width=\"1200\" height=\"1200\" src=\"https:\/\/dexo.cz\/wp-content\/uploads\/2025\/12\/Navrh-bez-nazvu-21.jpg\" class=\"attachment-full size-full wp-image-5776\" alt=\"\" srcset=\"https:\/\/dexo.cz\/wp-content\/uploads\/2025\/12\/Navrh-bez-nazvu-21.jpg 1200w, https:\/\/dexo.cz\/wp-content\/uploads\/2025\/12\/Navrh-bez-nazvu-21-300x300.jpg 300w, https:\/\/dexo.cz\/wp-content\/uploads\/2025\/12\/Navrh-bez-nazvu-21-1024x1024.jpg 1024w, https:\/\/dexo.cz\/wp-content\/uploads\/2025\/12\/Navrh-bez-nazvu-21-150x150.jpg 150w, https:\/\/dexo.cz\/wp-content\/uploads\/2025\/12\/Navrh-bez-nazvu-21-768x768.jpg 768w, https:\/\/dexo.cz\/wp-content\/uploads\/2025\/12\/Navrh-bez-nazvu-21-12x12.jpg 12w\" sizes=\"(max-width: 1200px) 100vw, 1200px\" \/><\/figure><div class=\"elementor-image-box-content\"><p class=\"elementor-image-box-title\">Ing. Martin Tr\u00e1vn\u00ed\u010dek<\/p><p class=\"elementor-image-box-description\">obchodn\u00fd a technick\u00fd mana\u017e\u00e9r\n<\/p><\/div><\/div>\t\t\t\t<\/div>\n\t\t\t\t<div class=\"elementor-element elementor-element-2739b2d elementor-icon-list--layout-traditional elementor-list-item-link-full_width elementor-widget elementor-widget-icon-list\" data-id=\"2739b2d\" data-element_type=\"widget\" data-widget_type=\"icon-list.default\">\n\t\t\t\t\t\t\t<ul class=\"elementor-icon-list-items\">\n\t\t\t\t\t\t\t<li class=\"elementor-icon-list-item\">\n\t\t\t\t\t\t\t\t\t\t\t<a href=\"mailto:travnicek@dexo.cz\">\n\n\t\t\t\t\t\t\t\t\t\t\t<span class=\"elementor-icon-list-text\">Travnicek@dexo.cz<\/span>\n\t\t\t\t\t\t\t\t\t\t\t<\/a>\n\t\t\t\t\t\t\t\t\t<\/li>\n\t\t\t\t\t\t\t\t<li class=\"elementor-icon-list-item\">\n\t\t\t\t\t\t\t\t\t\t\t<a href=\"tel:+420\u00a0602\u00a0680\u00a0154\">\n\n\t\t\t\t\t\t\t\t\t\t\t<span class=\"elementor-icon-list-text\">+420\u00a0602\u00a0680\u00a0154<\/span>\n\t\t\t\t\t\t\t\t\t\t\t<\/a>\n\t\t\t\t\t\t\t\t\t<\/li>\n\t\t\t\t\t\t<\/ul>\n\t\t\t\t\t\t<\/div>\n\t\t\t\t<\/div>\n\t\t<div class=\"elementor-element elementor-element-a63c7e4 e-con-full e-flex e-con e-child\" data-id=\"a63c7e4\" data-element_type=\"container\">\n\t\t\t\t<div class=\"elementor-element elementor-element-0269af0 elementor-widget__width-initial elementor-position-top elementor-widget elementor-widget-image-box\" data-id=\"0269af0\" data-element_type=\"widget\" data-widget_type=\"image-box.default\">\n\t\t\t\t\t<div class=\"elementor-image-box-wrapper\"><figure class=\"elementor-image-box-img\"><img decoding=\"async\" width=\"1200\" height=\"1200\" src=\"https:\/\/dexo.cz\/wp-content\/uploads\/2025\/06\/Matejkova.webp\" class=\"attachment-full size-full wp-image-2925\" alt=\"\" srcset=\"https:\/\/dexo.cz\/wp-content\/uploads\/2025\/06\/Matejkova.webp 1200w, https:\/\/dexo.cz\/wp-content\/uploads\/2025\/06\/Matejkova-300x300.webp 300w, https:\/\/dexo.cz\/wp-content\/uploads\/2025\/06\/Matejkova-1024x1024.webp 1024w, https:\/\/dexo.cz\/wp-content\/uploads\/2025\/06\/Matejkova-150x150.webp 150w, https:\/\/dexo.cz\/wp-content\/uploads\/2025\/06\/Matejkova-768x768.webp 768w, https:\/\/dexo.cz\/wp-content\/uploads\/2025\/06\/Matejkova-12x12.webp 12w\" sizes=\"(max-width: 1200px) 100vw, 1200px\" \/><\/figure><div class=\"elementor-image-box-content\"><p class=\"elementor-image-box-title\">Nikol Mat\u011bjkov\u00e1<\/p><p class=\"elementor-image-box-description\">obchodno-technick\u00e9 oddelenie<\/p><\/div><\/div>\t\t\t\t<\/div>\n\t\t\t\t<div class=\"elementor-element elementor-element-9fd2667 elementor-icon-list--layout-traditional elementor-list-item-link-full_width elementor-widget elementor-widget-icon-list\" data-id=\"9fd2667\" data-element_type=\"widget\" data-widget_type=\"icon-list.default\">\n\t\t\t\t\t\t\t<ul class=\"elementor-icon-list-items\">\n\t\t\t\t\t\t\t<li class=\"elementor-icon-list-item\">\n\t\t\t\t\t\t\t\t\t\t\t<a href=\"mailto:Matejkova@dexo.cz\">\n\n\t\t\t\t\t\t\t\t\t\t\t<span class=\"elementor-icon-list-text\">Matejkova@dexo.cz<\/span>\n\t\t\t\t\t\t\t\t\t\t\t<\/a>\n\t\t\t\t\t\t\t\t\t<\/li>\n\t\t\t\t\t\t\t\t<li class=\"elementor-icon-list-item\">\n\t\t\t\t\t\t\t\t\t\t\t<a href=\"tel:+420\u00a0602\u00a0179\u00a0803\">\n\n\t\t\t\t\t\t\t\t\t\t\t<span class=\"elementor-icon-list-text\">+420\u00a0602\u00a0179\u00a0803<\/span>\n\t\t\t\t\t\t\t\t\t\t\t<\/a>\n\t\t\t\t\t\t\t\t\t<\/li>\n\t\t\t\t\t\t<\/ul>\n\t\t\t\t\t\t<\/div>\n\t\t\t\t<\/div>\n\t\t<div class=\"elementor-element elementor-element-6064ab3 e-con-full e-flex e-con e-child\" data-id=\"6064ab3\" data-element_type=\"container\">\n\t\t\t\t<div class=\"elementor-element elementor-element-e0b997d elementor-widget__width-initial elementor-position-top elementor-widget elementor-widget-image-box\" data-id=\"e0b997d\" data-element_type=\"widget\" data-widget_type=\"image-box.default\">\n\t\t\t\t\t<div class=\"elementor-image-box-wrapper\"><figure class=\"elementor-image-box-img\"><img decoding=\"async\" width=\"1200\" height=\"1200\" src=\"https:\/\/dexo.cz\/wp-content\/uploads\/2025\/06\/Linhart.webp\" class=\"attachment-full size-full wp-image-2924\" alt=\"\" srcset=\"https:\/\/dexo.cz\/wp-content\/uploads\/2025\/06\/Linhart.webp 1200w, https:\/\/dexo.cz\/wp-content\/uploads\/2025\/06\/Linhart-300x300.webp 300w, https:\/\/dexo.cz\/wp-content\/uploads\/2025\/06\/Linhart-1024x1024.webp 1024w, https:\/\/dexo.cz\/wp-content\/uploads\/2025\/06\/Linhart-150x150.webp 150w, https:\/\/dexo.cz\/wp-content\/uploads\/2025\/06\/Linhart-768x768.webp 768w, https:\/\/dexo.cz\/wp-content\/uploads\/2025\/06\/Linhart-12x12.webp 12w\" sizes=\"(max-width: 1200px) 100vw, 1200px\" \/><\/figure><div class=\"elementor-image-box-content\"><p class=\"elementor-image-box-title\">Ing. Martin Linhart<\/p><p class=\"elementor-image-box-description\">projektov\u00fd mana\u017e\u00e9r<\/p><\/div><\/div>\t\t\t\t<\/div>\n\t\t\t\t<div class=\"elementor-element elementor-element-1639f92 elementor-icon-list--layout-traditional elementor-list-item-link-full_width elementor-widget elementor-widget-icon-list\" data-id=\"1639f92\" data-element_type=\"widget\" data-widget_type=\"icon-list.default\">\n\t\t\t\t\t\t\t<ul class=\"elementor-icon-list-items\">\n\t\t\t\t\t\t\t<li class=\"elementor-icon-list-item\">\n\t\t\t\t\t\t\t\t\t\t\t<a href=\"mailto:linhart@dexo.cz\">\n\n\t\t\t\t\t\t\t\t\t\t\t<span class=\"elementor-icon-list-text\">linhart@dexo.cz<\/span>\n\t\t\t\t\t\t\t\t\t\t\t<\/a>\n\t\t\t\t\t\t\t\t\t<\/li>\n\t\t\t\t\t\t\t\t<li class=\"elementor-icon-list-item\">\n\t\t\t\t\t\t\t\t\t\t\t<a href=\"tel:+420%20722%20914%20588\">\n\n\t\t\t\t\t\t\t\t\t\t\t<span class=\"elementor-icon-list-text\">+420 725 913 405<\/span>\n\t\t\t\t\t\t\t\t\t\t\t<\/a>\n\t\t\t\t\t\t\t\t\t<\/li>\n\t\t\t\t\t\t<\/ul>\n\t\t\t\t\t\t<\/div>\n\t\t\t\t<\/div>\n\t\t\t\t<\/div>\n\t\t<div class=\"elementor-element elementor-element-5b1f45d e-con-full e-flex e-con e-child\" data-id=\"5b1f45d\" data-element_type=\"container\">\n\t\t<div class=\"elementor-element elementor-element-4b3881a e-con-full e-flex e-con e-child\" data-id=\"4b3881a\" data-element_type=\"container\">\n\t\t\t\t<div class=\"elementor-element elementor-element-09fbaf0 elementor-widget__width-initial elementor-widget elementor-widget-text-editor\" data-id=\"09fbaf0\" data-element_type=\"widget\" data-widget_type=\"text-editor.default\">\n\t\t\t\t\t\t\t\t\t<p><span style=\"font-weight: 600;\">Kontakt Bratislava:<\/span> <a href=\"tel:+420%C2%A0602%C2%A0680%C2%A0154\"><span class=\"elementor-icon-list-text\">+420\u00a0602\u00a0680\u00a0154<\/span><\/a><\/p>\t\t\t\t\t\t\t\t<\/div>\n\t\t\t\t<\/div>\n\t\t\t\t<div class=\"elementor-element elementor-element-0d93f32 elementor-widget__width-initial elementor-widget-mobile__width-inherit elementor-widget elementor-widget-heading\" data-id=\"0d93f32\" data-element_type=\"widget\" data-widget_type=\"heading.default\">\n\t\t\t\t\t<span class=\"elementor-heading-title elementor-size-default\">Realiz\u00e1cie po celej \u010ceskej republike a na Slovensku, najm\u00e4 v Prahe, Brne, Ostrave, Bratislave a \u010fal\u0161\u00edch mest\u00e1ch.<\/span>\t\t\t\t<\/div>\n\t\t<div class=\"elementor-element elementor-element-06b99c8 e-con-full e-flex e-con e-child\" data-id=\"06b99c8\" data-element_type=\"container\">\n\t\t\t\t<div class=\"elementor-element elementor-element-bc49007 elementor-widget__width-initial elementor-widget elementor-widget-text-editor\" data-id=\"bc49007\" data-element_type=\"widget\" data-widget_type=\"text-editor.default\">\n\t\t\t\t\t\t\t\t\t<p><span style=\"font-weight: 600;\">Kancel\u00e1ria:<\/span> Ma\u0159\u00edkova 36, Brno 621 00<\/p>\t\t\t\t\t\t\t\t<\/div>\n\t\t\t\t<div class=\"elementor-element elementor-element-b1238c8 elementor-widget elementor-widget-text-editor\" data-id=\"b1238c8\" data-element_type=\"widget\" data-widget_type=\"text-editor.default\">\n\t\t\t\t\t\t\t\t\t<p><strong><span style=\"color: #0000ff;\"><a style=\"color: #0000ff;\" title=\"DEXO\/mapa\" href=\"https:\/\/www.google.com\/maps\/place\/DEXO s.r.o. - prosklen\u00e9 p\u0159\u00ed\u010dky\/@49.2572697,16.5829608,17z\/data=!3m1!4b1!4m6!3m5!1s0x4712917e26f3069f:0xe91a0adab6e5be61!8m2!3d49.2572662!4d16.5855357!16s\/g\/11vpgvlvq0\" target=\"_blank\" rel=\"noopener\" data-wplink-url-error=\"true\">zobrazi\u0165 na mape<\/a><\/span><\/strong><\/p>\t\t\t\t\t\t\t\t<\/div>\n\t\t\t\t<\/div>\n\t\t\t\t<\/div>\n\t\t<div class=\"elementor-element elementor-element-02a1f1a e-con-full e-flex e-con e-child\" data-id=\"02a1f1a\" data-element_type=\"container\">\n\t\t\t\t<div class=\"elementor-element elementor-element-cc1ff8b elementor-widget elementor-widget-image\" data-id=\"cc1ff8b\" data-element_type=\"widget\" data-widget_type=\"image.default\">\n\t\t\t\t\t\t\t\t\t\t\t\t\t\t\t<img loading=\"lazy\" decoding=\"async\" width=\"478\" height=\"307\" src=\"https:\/\/dexo.cz\/wp-content\/uploads\/2025\/12\/dexo-cesko-slovensko.svg\" class=\"attachment-full size-full wp-image-6007\" alt=\"\" \/>\t\t\t\t\t\t\t\t\t\t\t\t\t\t\t<\/div>\n\t\t\t\t<\/div>\n\t\t\t\t\t<\/div>\n\t\t\t\t<\/div>\n\t\t<div class=\"elementor-element elementor-element-ac9132d e-flex e-con-boxed e-con e-parent\" data-id=\"ac9132d\" data-element_type=\"container\">\n\t\t\t\t\t<div class=\"e-con-inner\">\n\t\t<div class=\"elementor-element elementor-element-9c5af86 e-con-full e-flex e-con e-child\" data-id=\"9c5af86\" data-element_type=\"container\">\n\t\t\t\t<div class=\"elementor-element elementor-element-061f1a0 elementor-widget elementor-widget-heading\" data-id=\"061f1a0\" data-element_type=\"widget\" data-widget_type=\"heading.default\">\n\t\t\t\t\t<h2 class=\"elementor-heading-title elementor-size-default\">Sledujte na\u0161e najnov\u0161ie projekty<\/h2>\t\t\t\t<\/div>\n\t\t\t\t<div class=\"elementor-element elementor-element-5f8966d elementor-icon-list--layout-traditional elementor-list-item-link-full_width elementor-widget elementor-widget-icon-list\" data-id=\"5f8966d\" data-element_type=\"widget\" data-widget_type=\"icon-list.default\">\n\t\t\t\t\t\t\t<ul class=\"elementor-icon-list-items\">\n\t\t\t\t\t\t\t<li class=\"elementor-icon-list-item\">\n\t\t\t\t\t\t\t\t\t\t\t<a href=\"https:\/\/www.instagram.com\/p\/DHqhu38sQLc\/?img_index=1\" target=\"_blank\" rel=\"noopener\">\n\n\t\t\t\t\t\t\t\t\t\t\t<span class=\"elementor-icon-list-text\">Instagram<\/span>\n\t\t\t\t\t\t\t\t\t\t\t<\/a>\n\t\t\t\t\t\t\t\t\t<\/li>\n\t\t\t\t\t\t\t\t<li class=\"elementor-icon-list-item\">\n\t\t\t\t\t\t\t\t\t\t\t<a href=\"https:\/\/www.linkedin.com\/company\/dexo-cz\/\" target=\"_blank\" rel=\"noopener\">\n\n\t\t\t\t\t\t\t\t\t\t\t<span class=\"elementor-icon-list-text\">LinkedIn<\/span>\n\t\t\t\t\t\t\t\t\t\t\t<\/a>\n\t\t\t\t\t\t\t\t\t<\/li>\n\t\t\t\t\t\t\t\t<li class=\"elementor-icon-list-item\">\n\t\t\t\t\t\t\t\t\t\t\t<a href=\"https:\/\/www.facebook.com\/profile.php?id=61552092027526\" target=\"_blank\" rel=\"noopener\">\n\n\t\t\t\t\t\t\t\t\t\t\t<span class=\"elementor-icon-list-text\">Facebook<\/span>\n\t\t\t\t\t\t\t\t\t\t\t<\/a>\n\t\t\t\t\t\t\t\t\t<\/li>\n\t\t\t\t\t\t<\/ul>\n\t\t\t\t\t\t<\/div>\n\t\t\t\t<div class=\"elementor-element elementor-element-6c2c500 elementor-widget-tablet__width-initial elementor-widget__width-initial elementor-widget elementor-widget-image\" data-id=\"6c2c500\" data-element_type=\"widget\" data-widget_type=\"image.default\">\n\t\t\t\t\t\t\t\t\t\t\t\t\t\t\t<img loading=\"lazy\" decoding=\"async\" width=\"306\" height=\"261\" src=\"https:\/\/dexo.cz\/wp-content\/uploads\/2025\/06\/xko-better.svg\" class=\"attachment-full size-full wp-image-2284\" alt=\"\" \/>\t\t\t\t\t\t\t\t\t\t\t\t\t\t\t<\/div>\n\t\t\t\t<\/div>\n\t\t<div class=\"elementor-element elementor-element-f5072d8 e-con-full e-flex e-con e-child\" data-id=\"f5072d8\" data-element_type=\"container\">\n\t\t\t\t<div class=\"elementor-element elementor-element-e33ee61 elementor-widget elementor-widget-heading\" data-id=\"e33ee61\" data-element_type=\"widget\" data-widget_type=\"heading.default\">\n\t\t\t\t\t<h2 class=\"elementor-heading-title elementor-size-default\">Nap\u00ed\u0161te n\u00e1m, ozveme sa v\u00e1m.<\/h2>\t\t\t\t<\/div>\n\t\t\t\t<div class=\"elementor-element elementor-element-e800e45 elementor-button-align-start elementor-widget elementor-widget-form\" data-id=\"e800e45\" data-element_type=\"widget\" data-settings=\"{&quot;step_next_label&quot;:&quot;P\\u0159edchoz\\u00ed&quot;,&quot;step_previous_label&quot;:&quot;Dal\\u0161\\u00ed&quot;,&quot;button_width&quot;:&quot;100&quot;,&quot;step_type&quot;:&quot;number_text&quot;,&quot;step_icon_shape&quot;:&quot;circle&quot;}\" data-widget_type=\"form.default\">\n\t\t\t\t\t\t\t<form class=\"elementor-form\" method=\"post\" name=\"Zanechte kontakt\" aria-label=\"Zanecha\u0165 kontakt\" novalidate=\"\" action=\"\">\n\t\t\t<input type=\"hidden\" name=\"post_id\" value=\"154\"\/>\n\t\t\t<input type=\"hidden\" name=\"form_id\" value=\"e800e45\"\/>\n\t\t\t<input type=\"hidden\" name=\"referer_title\" value=\"\" \/>\n\n\t\t\t\n\t\t\t<div class=\"elementor-form-fields-wrapper elementor-labels-above\">\n\t\t\t\t\t\t\t\t<div class=\"elementor-field-type-text elementor-field-group elementor-column elementor-field-group-name elementor-col-100 elementor-field-required elementor-mark-required\">\n\t\t\t\t\t\t\t\t\t\t\t\t<label for=\"form-field-name\" class=\"elementor-field-label\">\n\t\t\t\t\t\t\t\tMeno a priezvisko\t\t\t\t\t\t\t<\/label>\n\t\t\t\t\t\t\t\t\t\t\t\t\t\t<input size=\"1\" type=\"text\" name=\"form_fields[name]\" id=\"form-field-name\" class=\"elementor-field elementor-size-sm  elementor-field-textual\" required=\"required\">\n\t\t\t\t\t\t\t\t\t\t\t<\/div>\n\t\t\t\t\t\t\t\t<div class=\"elementor-field-type-email elementor-field-group elementor-column elementor-field-group-email elementor-col-100 elementor-field-required elementor-mark-required\">\n\t\t\t\t\t\t\t\t\t\t\t\t<label for=\"form-field-email\" class=\"elementor-field-label\">\n\t\t\t\t\t\t\t\tE-mail\t\t\t\t\t\t\t<\/label>\n\t\t\t\t\t\t\t\t\t\t\t\t\t\t<input size=\"1\" type=\"email\" name=\"form_fields[email]\" id=\"form-field-email\" class=\"elementor-field elementor-size-sm  elementor-field-textual\" required=\"required\">\n\t\t\t\t\t\t\t\t\t\t\t<\/div>\n\t\t\t\t\t\t\t\t<div class=\"elementor-field-type-text elementor-field-group elementor-column elementor-field-group-field_ba77b4b elementor-col-100 elementor-field-required elementor-mark-required\">\n\t\t\t\t\t\t\t\t\t\t\t\t<label for=\"form-field-field_ba77b4b\" class=\"elementor-field-label\">\n\t\t\t\t\t\t\t\tTelef\u00f3n\t\t\t\t\t\t\t<\/label>\n\t\t\t\t\t\t\t\t\t\t\t\t\t\t<input size=\"1\" type=\"text\" name=\"form_fields[field_ba77b4b]\" id=\"form-field-field_ba77b4b\" class=\"elementor-field elementor-size-sm  elementor-field-textual\" required=\"required\">\n\t\t\t\t\t\t\t\t\t\t\t<\/div>\n\t\t\t\t\t\t\t\t<div class=\"elementor-field-type-text elementor-field-group elementor-column elementor-field-group-field_f1ccad5 elementor-col-100\">\n\t\t\t\t\t\t\t\t\t\t\t\t<label for=\"form-field-field_f1ccad5\" class=\"elementor-field-label\">\n\t\t\t\t\t\t\t\tSpolo\u010dnos\u0165\t\t\t\t\t\t\t<\/label>\n\t\t\t\t\t\t\t\t\t\t\t\t\t\t<input size=\"1\" type=\"text\" name=\"form_fields[field_f1ccad5]\" id=\"form-field-field_f1ccad5\" class=\"elementor-field elementor-size-sm  elementor-field-textual\">\n\t\t\t\t\t\t\t\t\t\t\t<\/div>\n\t\t\t\t\t\t\t\t<div class=\"elementor-field-type-textarea elementor-field-group elementor-column elementor-field-group-message elementor-col-100\">\n\t\t\t\t\t\t\t\t\t\t\t\t<label for=\"form-field-message\" class=\"elementor-field-label\">\n\t\t\t\t\t\t\t\tSpr\u00e1va\t\t\t\t\t\t\t<\/label>\n\t\t\t\t\t\t<textarea class=\"elementor-field-textual elementor-field  elementor-size-sm\" name=\"form_fields[message]\" id=\"form-field-message\" rows=\"4\"><\/textarea>\t\t\t\t<\/div>\n\t\t\t\t\t\t\t\t<div class=\"elementor-field-type-recaptcha_v3 elementor-field-group elementor-column elementor-field-group-field_7d16313 elementor-col-100 recaptcha_v3-inline\">\n\t\t\t\t\t<div class=\"elementor-field\" id=\"form-field-field_7d16313\"><div class=\"elementor-g-recaptcha\" data-sitekey=\"6LfgNsorAAAAAGmSi0lwnD9Y98f9PjC-wJKySyCa\" data-type=\"v3\" data-action=\"Form\" data-badge=\"inline\" data-size=\"invisible\"><\/div><\/div>\t\t\t\t<\/div>\n\t\t\t\t\t\t\t\t<div class=\"elementor-field-group elementor-column elementor-field-type-submit elementor-col-100 e-form__buttons\">\n\t\t\t\t\t<button class=\"elementor-button elementor-size-sm\" type=\"submit\">\n\t\t\t\t\t\t<span class=\"elementor-button-content-wrapper\">\n\t\t\t\t\t\t\t\t\t\t\t\t\t\t\t\t\t\t\t\t\t\t<span class=\"elementor-button-text\">Odosla\u0165<\/span>\n\t\t\t\t\t\t\t\t\t\t\t\t\t<\/span>\n\t\t\t\t\t<\/button>\n\t\t\t\t<\/div>\n\t\t\t<\/div>\n\t\t<input type=\"hidden\" name=\"trp-form-language\" value=\"sk\"\/><\/form>\n\t\t\t\t\t\t<\/div>\n\t\t\t\t<\/div>\n\t\t<div class=\"elementor-element elementor-element-7d9dcc0 e-con-full e-flex e-con e-child\" data-id=\"7d9dcc0\" data-element_type=\"container\">\n\t\t<div class=\"elementor-element elementor-element-83e82d6 e-con-full e-flex e-con e-child\" data-id=\"83e82d6\" data-element_type=\"container\">\n\t\t<div class=\"elementor-element elementor-element-19586c9 e-con-full e-flex e-con e-child\" data-id=\"19586c9\" data-element_type=\"container\">\n\t\t\t\t<div class=\"elementor-element elementor-element-eb932d1 elementor-widget elementor-widget-heading\" data-id=\"eb932d1\" data-element_type=\"widget\" data-widget_type=\"heading.default\">\n\t\t\t\t\t<h5 class=\"elementor-heading-title elementor-size-default\">Faktura\u010dn\u00e9 inform\u00e1cie<\/h5>\t\t\t\t<\/div>\n\t\t\t\t<div class=\"elementor-element elementor-element-7c2e671 elementor-widget elementor-widget-text-editor\" data-id=\"7c2e671\" data-element_type=\"widget\" data-widget_type=\"text-editor.default\">\n\t\t\t\t\t\t\t\t\t<p>DEXO s.r.o.\u00a0<br \/>Kpt. Jaro\u0161e 1922\/3<br \/>602 00 Brno<br \/>\u010cesk\u00e1 republika<\/p>\t\t\t\t\t\t\t\t<\/div>\n\t\t\t\t<\/div>\n\t\t<div class=\"elementor-element elementor-element-4fe05db e-con-full e-flex e-con e-child\" data-id=\"4fe05db\" data-element_type=\"container\">\n\t\t\t\t<div class=\"elementor-element elementor-element-ad9e3d3 elementor-widget elementor-widget-heading\" data-id=\"ad9e3d3\" data-element_type=\"widget\" data-widget_type=\"heading.default\">\n\t\t\t\t\t<h5 class=\"elementor-heading-title elementor-size-default\">\u3164<\/h5>\t\t\t\t<\/div>\n\t\t\t\t<div class=\"elementor-element elementor-element-f881f23 elementor-widget elementor-widget-text-editor\" data-id=\"f881f23\" data-element_type=\"widget\" data-widget_type=\"text-editor.default\">\n\t\t\t\t\t\t\t\t\t<p>ID: 09421815<br \/>DI\u010c DPH: SK09421815<br \/>\u010c\u00cdSLO DPH: SK12345678<br \/>Po\u0161tov\u00e1 schr\u00e1nka: u6qhmha<\/p>\t\t\t\t\t\t\t\t<\/div>\n\t\t\t\t<\/div>\n\t\t\t\t<\/div>\n\t\t<div class=\"elementor-element elementor-element-fba9fcb e-con-full e-flex e-con e-child\" data-id=\"fba9fcb\" data-element_type=\"container\">\n\t\t<div class=\"elementor-element elementor-element-8090372 e-con-full e-flex e-con e-child\" data-id=\"8090372\" data-element_type=\"container\">\n\t\t\t\t<div class=\"elementor-element elementor-element-c3ccef4 elementor-widget elementor-widget-heading\" data-id=\"c3ccef4\" data-element_type=\"widget\" data-widget_type=\"heading.default\">\n\t\t\t\t\t<h5 class=\"elementor-heading-title elementor-size-default\">Bankov\u00e9 spojenie:<\/h5>\t\t\t\t<\/div>\n\t\t\t\t<div class=\"elementor-element elementor-element-7a105a7 elementor-widget elementor-widget-text-editor\" data-id=\"7a105a7\" data-element_type=\"widget\" data-widget_type=\"text-editor.default\">\n\t\t\t\t\t\t\t\t\t<p>CZK<strong><br \/><\/strong>Banka: \u010cesk\u00e1 spo\u0159itelna, a. s.<br \/>\u010c\u00edslo \u00fa\u010dtu: 5953532359\/0800<br \/>IBAN: CZ6508000000005953532359<br \/>SWIFT: GIBACZPX<\/p>\t\t\t\t\t\t\t\t<\/div>\n\t\t\t\t<\/div>\n\t\t<div class=\"elementor-element elementor-element-dd4504c e-con-full e-flex e-con e-child\" data-id=\"dd4504c\" data-element_type=\"container\">\n\t\t\t\t<div class=\"elementor-element elementor-element-f71d6aa elementor-widget elementor-widget-heading\" data-id=\"f71d6aa\" data-element_type=\"widget\" data-widget_type=\"heading.default\">\n\t\t\t\t\t<h5 class=\"elementor-heading-title elementor-size-default\">\u3164<\/h5>\t\t\t\t<\/div>\n\t\t\t\t<div class=\"elementor-element elementor-element-72c402b elementor-widget elementor-widget-text-editor\" data-id=\"72c402b\" data-element_type=\"widget\" data-widget_type=\"text-editor.default\">\n\t\t\t\t\t\t\t\t\t<p>EUR<br \/>Banka: \u010cesk\u00e1 spo\u0159itelna, a. s.<br \/>\u010c\u00edslo \u00fa\u010dtu: 2115659293\/0800<br \/>IBAN: CZ8508000000002115659293<br \/>SWIFT: GIBACZPX<\/p>\t\t\t\t\t\t\t\t<\/div>\n\t\t\t\t<\/div>\n\t\t\t\t<\/div>\n\t\t\t\t<div class=\"elementor-element elementor-element-c0875f4 elementor-widget elementor-widget-text-editor\" data-id=\"c0875f4\" data-element_type=\"widget\" data-widget_type=\"text-editor.default\">\n\t\t\t\t\t\t\t\t\t<p>Spolo\u010dnos\u0165 je zap\u00edsan\u00e1 v obchodnom registri vedenom na Krajskom s\u00fade v Brne: oddiel C, vlo\u017eka \u010d\u00edslo 118979.<\/p>\t\t\t\t\t\t\t\t<\/div>\n\t\t\t\t<\/div>\n\t\t\t\t\t<\/div>\n\t\t\t\t<\/div>\n\t\t\t\t<\/div>","protected":false},"excerpt":{"rendered":"<p>Ing. Martin Tr\u00e1vn\u00ed\u010dek obchodn\u011b-technick\u00fd mana\u017eer Travnicek@dexo.cz +420\u00a0602\u00a0680\u00a0154 Nikol Mat\u011bjkov\u00e1 obchodn\u011b-technick\u00e9 odd\u011blen\u00ed Matejkova@dexo.cz +420\u00a0602\u00a0179\u00a0803 Ivo \u0160t\u011bp\u00e1nek obchodn\u00ed mana\u017eer stepanek@dexo.cz +420 734 778 520 Ing. David Vaverka projektov\u00fd mana\u017eer Vaverka@dexo.cz +420 722 914 588 Ing. Martin Tr\u00e1vn\u00ed\u010dek obchodn\u011b-technick\u00fd mana\u017eer Travnicek@dexo.cz +420\u00a0602\u00a0680\u00a0154 Nikol Mat\u011bjkov\u00e1 obchodno-technick\u00e9 oddelenie Matejkova@dexo.cz +420\u00a0602\u00a0179\u00a0803 Ing. Martin Linhart projektov\u00fd mana\u017e\u00e9r linhart@dexo.cz +420 725 913 405 [&hellip;]<\/p>","protected":false},"author":1,"featured_media":0,"parent":0,"menu_order":0,"comment_status":"closed","ping_status":"closed","template":"","meta":{"footnotes":""},"class_list":["post-154","page","type-page","status-publish","hentry"],"_links":{"self":[{"href":"https:\/\/dexo.cz\/sk\/wp-json\/wp\/v2\/pages\/154","targetHints":{"allow":["GET"]}}],"collection":[{"href":"https:\/\/dexo.cz\/sk\/wp-json\/wp\/v2\/pages"}],"about":[{"href":"https:\/\/dexo.cz\/sk\/wp-json\/wp\/v2\/types\/page"}],"author":[{"embeddable":true,"href":"https:\/\/dexo.cz\/sk\/wp-json\/wp\/v2\/users\/1"}],"replies":[{"embeddable":true,"href":"https:\/\/dexo.cz\/sk\/wp-json\/wp\/v2\/comments?post=154"}],"version-history":[{"count":10,"href":"https:\/\/dexo.cz\/sk\/wp-json\/wp\/v2\/pages\/154\/revisions"}],"predecessor-version":[{"id":6732,"href":"https:\/\/dexo.cz\/sk\/wp-json\/wp\/v2\/pages\/154\/revisions\/6732"}],"wp:attachment":[{"href":"https:\/\/dexo.cz\/sk\/wp-json\/wp\/v2\/media?parent=154"}],"curies":[{"name":"wp","href":"https:\/\/api.w.org\/{rel}","templated":true}]}}