{"id":2071,"date":"2025-06-09T09:08:19","date_gmt":"2025-06-09T09:08:19","guid":{"rendered":"https:\/\/new.dexo.cz\/?page_id=2071"},"modified":"2025-09-16T18:06:04","modified_gmt":"2025-09-16T18:06:04","slug":"presklene-priecky","status":"publish","type":"page","link":"https:\/\/dexo.cz\/sk\/produkt\/presklene-priecky\/","title":{"rendered":"Presklen\u00e9 prie\u010dky"},"content":{"rendered":"<div data-elementor-type=\"wp-page\" data-elementor-id=\"2071\" class=\"elementor elementor-2071\" data-elementor-post-type=\"page\">\n\t\t\t\t<div class=\"elementor-element elementor-element-6bd41f5 e-flex e-con-boxed e-con e-parent\" data-id=\"6bd41f5\" data-element_type=\"container\">\n\t\t\t\t\t<div class=\"e-con-inner\">\n\t\t\t\t<div class=\"elementor-element elementor-element-8d42ae1 elementor-widget elementor-widget-heading\" data-id=\"8d42ae1\" data-element_type=\"widget\" data-widget_type=\"heading.default\">\n\t\t\t\t\t<h1 class=\"elementor-heading-title elementor-size-default\">Presklen\u00e9 prie\u010dky<\/h1>\t\t\t\t<\/div>\n\t\t\t\t<div class=\"elementor-element elementor-element-4a1e5b6 elementor-widget__width-initial elementor-widget-tablet__width-inherit elementor-widget elementor-widget-text-editor\" data-id=\"4a1e5b6\" data-element_type=\"widget\" data-widget_type=\"text-editor.default\">\n\t\t\t\t\t\t\t\t\t<p>Pon\u00fakame \u0161irok\u00fd sortiment interi\u00e9rov\u00fdch prie\u010dok - od elegantn\u00e9ho jednoduch\u00e9ho zasklenia cez akustick\u00e9 steny s dvojit\u00fdm zasklen\u00edm a\u017e po certifikovan\u00e9 protipo\u017eiarne prie\u010dky. Vyberte si z r\u00f4znych dizajnov dver\u00ed a dopl\u0148te svoj priestor o akustick\u00e9 prvky pre maxim\u00e1lny pokoj a pohodlie.<\/p>\t\t\t\t\t\t\t\t<\/div>\n\t\t\t\t<div class=\"elementor-element elementor-element-f0e7468 elementor-grid-3 elementor-grid-tablet-2 elementor-grid-mobile-1 elementor-widget elementor-widget-loop-grid\" data-id=\"f0e7468\" data-element_type=\"widget\" data-settings=\"{&quot;template_id&quot;:&quot;1768&quot;,&quot;row_gap_mobile&quot;:{&quot;unit&quot;:&quot;px&quot;,&quot;size&quot;:40,&quot;sizes&quot;:[]},&quot;_skin&quot;:&quot;post&quot;,&quot;columns&quot;:&quot;3&quot;,&quot;columns_tablet&quot;:&quot;2&quot;,&quot;columns_mobile&quot;:&quot;1&quot;,&quot;edit_handle_selector&quot;:&quot;[data-elementor-type=\\&quot;loop-item\\&quot;]&quot;,&quot;row_gap&quot;:{&quot;unit&quot;:&quot;px&quot;,&quot;size&quot;:&quot;&quot;,&quot;sizes&quot;:[]},&quot;row_gap_tablet&quot;:{&quot;unit&quot;:&quot;px&quot;,&quot;size&quot;:&quot;&quot;,&quot;sizes&quot;:[]}}\" data-widget_type=\"loop-grid.post\">\n\t\t\t\t<div class=\"elementor-widget-container\">\n\t\t\t\t\t\t\t<div class=\"elementor-loop-container elementor-grid\" role=\"list\">\n\t\t<style id=\"loop-1768\">.elementor-1768 .elementor-element.elementor-element-15a08c2{--display:flex;--flex-direction:column;--container-widget-width:100%;--container-widget-height:initial;--container-widget-flex-grow:0;--container-widget-align-self:initial;--flex-wrap-mobile:wrap;--gap:0px 0px;--row-gap:0px;--column-gap:0px;--padding-top:0px;--padding-bottom:0px;--padding-left:0px;--padding-right:0px;}.elementor-widget-image .widget-image-caption{color:var( --e-global-color-text );font-family:var( --e-global-typography-text-font-family ), Sans-serif;font-weight:var( --e-global-typography-text-font-weight );}.elementor-1768 .elementor-element.elementor-element-4f9215c img{height:370px;object-fit:cover;object-position:center center;}.elementor-1768 .elementor-element.elementor-element-de61945{--display:flex;--padding-top:0px;--padding-bottom:0px;--padding-left:0px;--padding-right:0px;}.elementor-widget-icon-box.elementor-view-stacked .elementor-icon{background-color:var( --e-global-color-primary );}.elementor-widget-icon-box.elementor-view-framed .elementor-icon, .elementor-widget-icon-box.elementor-view-default .elementor-icon{fill:var( --e-global-color-primary );color:var( --e-global-color-primary );border-color:var( --e-global-color-primary );}.elementor-widget-icon-box .elementor-icon-box-title, .elementor-widget-icon-box .elementor-icon-box-title a{font-family:var( --e-global-typography-primary-font-family ), Sans-serif;font-weight:var( --e-global-typography-primary-font-weight );}.elementor-widget-icon-box .elementor-icon-box-title{color:var( --e-global-color-primary );}.elementor-widget-icon-box:has(:hover) .elementor-icon-box-title,\n\t\t\t\t\t .elementor-widget-icon-box:has(:focus) .elementor-icon-box-title{color:var( --e-global-color-primary );}.elementor-widget-icon-box .elementor-icon-box-description{font-family:var( --e-global-typography-text-font-family ), Sans-serif;font-weight:var( --e-global-typography-text-font-weight );color:var( --e-global-color-text );}.elementor-1768 .elementor-element.elementor-element-59d1f6c .elementor-icon-box-wrapper{gap:5px;}.elementor-1768 .elementor-element.elementor-element-59d1f6c .elementor-icon-box-title{margin-block-end:0px;}.elementor-1768 .elementor-element.elementor-element-59d1f6c .elementor-icon{font-size:17px;}.elementor-1768 .elementor-element.elementor-element-59d1f6c .elementor-icon-box-title, .elementor-1768 .elementor-element.elementor-element-59d1f6c .elementor-icon-box-title a{font-family:\"Barlow\", Sans-serif;font-size:40px;font-weight:normal;}.elementor-1768 .elementor-element.elementor-element-59d1f6c:has(:hover) .elementor-icon-box-title,\n\t\t\t\t\t .elementor-1768 .elementor-element.elementor-element-59d1f6c:has(:focus) .elementor-icon-box-title{color:var( --e-global-color-accent );}@media(max-width:1024px){.elementor-1768 .elementor-element.elementor-element-59d1f6c .elementor-icon-box-title, .elementor-1768 .elementor-element.elementor-element-59d1f6c .elementor-icon-box-title a{font-size:28px;}}@media(max-width:767px){.elementor-1768 .elementor-element.elementor-element-15a08c2{--min-height:330px;--gap:16px 16px;--row-gap:16px;--column-gap:16px;}}\/* Start custom CSS for image, class: .elementor-element-4f9215c *\/\/* Obr\u00e1zkov\u00fd box \u2013 univerz\u00e1ln\u011b pou\u017eiteln\u00fd *\/\n.elementor-1768 .elementor-element.elementor-element-4f9215c {\n  display: block;\n  width: 100%;\n\n       \n  background-size: cover;\n  background-position: center;\n  background-repeat: no-repeat;\n}\n\n\/* wrapper pro zoom efekt *\/\n.img-zoom {\n  position: relative;\n  overflow: hidden;\n  display: block;\n  line-height: 0; \/* odstran\u00ed baseline mezeru *\/\n}\n\n\/* samotn\u00fd <img> uvnit\u0159 *\/\n.img-zoom img {\n  display: block;\n  width: 100%;\n  height: auto;               \/* zachov\u00e1 proporce *\/\n  object-fit: cover;          \/* funguje na <img> *\/\n  aspect-ratio: 16 \/ 9;       \/* zajist\u00ed, \u017ee se chov\u00e1 jako background *\/\n  \n  transform: translateZ(0) scale(1);\n  backface-visibility: hidden;\n  will-change: transform;\n  transform-origin: center;\n  transition: transform .6s ease;\n}\n\n\/* overlay *\/\n.img-zoom::after {\n  content: \"\";\n  position: absolute;\n  inset: 0;\n  background: rgba(0,0,0,0);\n  transition: background .6s ease;\n  pointer-events: none;\n}\n\n\/* hover efekty *\/\n.img-zoom:hover img {\n  transform: translateZ(0) scale(1.05);\n}\n.img-zoom:hover::after {\n  background: rgba(0,0,0,.2);\n}\n\n\/* respektov\u00e1n\u00ed accessibility nastaven\u00ed *\/\n@media (prefers-reduced-motion: reduce) {\n  .img-zoom img { transition: none; }\n  .img-zoom::after { transition: none; }\n}\/* End custom CSS *\/\n\/* Start custom CSS for icon-box, class: .elementor-element-59d1f6c *\/.elementor-1768 .elementor-element.elementor-element-59d1f6c svg{\n  margin-top: clamp(20px, 2.7vw, 30px);\n}\/* End custom CSS *\/<\/style>\t\t<div data-elementor-type=\"loop-item\" data-elementor-id=\"1768\" class=\"elementor elementor-1768 e-loop-item e-loop-item-3637 post-3637 produkty type-produkty status-publish has-post-thumbnail hentry category-gs-i category-prosklene-pricky tag-podkategorie\" data-elementor-post-type=\"elementor_library\" data-custom-edit-handle=\"1\">\n\t\t\t<div class=\"elementor-element elementor-element-15a08c2 e-flex e-con-boxed e-con e-parent\" data-id=\"15a08c2\" data-element_type=\"container\" data-settings=\"{&quot;background_background&quot;:&quot;classic&quot;}\">\n\t\t\t\t\t<div class=\"e-con-inner\">\n\t\t\t\t<div class=\"elementor-element elementor-element-4f9215c img-zoom elementor-widget elementor-widget-image\" data-id=\"4f9215c\" data-element_type=\"widget\" data-widget_type=\"image.default\">\n\t\t\t\t\t\t\t\t\t\t\t\t\t\t\t\t<a href=\"https:\/\/dexo.cz\/sk\/produkty\/gs-i\/\">\n\t\t\t\t\t\t\t<img fetchpriority=\"high\" decoding=\"async\" width=\"1920\" height=\"1201\" src=\"https:\/\/dexo.cz\/wp-content\/uploads\/2025\/06\/DSC_7216_Full-jpg.webp\" class=\"attachment-full size-full wp-image-3575\" alt=\"\" srcset=\"https:\/\/dexo.cz\/wp-content\/uploads\/2025\/06\/DSC_7216_Full-jpg.webp 1920w, https:\/\/dexo.cz\/wp-content\/uploads\/2025\/06\/DSC_7216_Full-jpg-300x188.webp 300w, https:\/\/dexo.cz\/wp-content\/uploads\/2025\/06\/DSC_7216_Full-jpg-1024x641.webp 1024w, https:\/\/dexo.cz\/wp-content\/uploads\/2025\/06\/DSC_7216_Full-jpg-768x480.webp 768w, https:\/\/dexo.cz\/wp-content\/uploads\/2025\/06\/DSC_7216_Full-jpg-1536x961.webp 1536w, https:\/\/dexo.cz\/wp-content\/uploads\/2025\/06\/DSC_7216_Full-jpg-18x12.webp 18w\" sizes=\"(max-width: 1920px) 100vw, 1920px\" \/>\t\t\t\t\t\t\t\t<\/a>\n\t\t\t\t\t\t\t\t\t\t\t\t\t\t\t<\/div>\n\t\t<div class=\"elementor-element elementor-element-de61945 e-con-full e-flex e-con e-child\" data-id=\"de61945\" data-element_type=\"container\">\n\t\t\t\t<div class=\"elementor-element elementor-element-59d1f6c elementor-position-inline-start elementor-mobile-position-inline-start elementor-view-default elementor-widget elementor-widget-icon-box\" data-id=\"59d1f6c\" data-element_type=\"widget\" data-widget_type=\"icon-box.default\">\n\t\t\t\t\t\t\t<div class=\"elementor-icon-box-wrapper\">\n\n\t\t\t\t\t\t<div class=\"elementor-icon-box-icon\">\n\t\t\t\t<a href=\"https:\/\/dexo.cz\/sk\/produkty\/gs-i\/\" class=\"elementor-icon\" tabindex=\"-1\" aria-label=\"GS I.\">\n\t\t\t\t<svg xmlns=\"http:\/\/www.w3.org\/2000\/svg\" width=\"3\" height=\"5\" viewbox=\"0 0 3 5\" fill=\"none\"><path d=\"M0.104 4.176C0.056 4.176 0.024 4.164 0.00800003 4.14C-0.00800001 4.108 -1.86265e-08 4.072 0.032 4.032L1.52 2.124C1.536 2.1 1.536 2.076 1.52 2.052L0.032 0.144C0.016 0.128 0.00800003 0.104 0.00800003 0.0719998C0.00800003 0.0559998 0.016 0.0399998 0.032 0.024C0.048 0.00800002 0.072 0 0.104 0H0.68C0.752 0 0.804 0.0239999 0.836 0.0719998L2.348 2.004C2.364 2.028 2.372 2.056 2.372 2.088C2.372 2.12 2.364 2.148 2.348 2.172L0.836 4.104C0.804 4.152 0.752 4.176 0.68 4.176H0.104Z\" fill=\"black\"><\/path><\/svg>\t\t\t\t<\/a>\n\t\t\t<\/div>\n\t\t\t\n\t\t\t\t\t\t<div class=\"elementor-icon-box-content\">\n\n\t\t\t\t\t\t\t\t\t<h2 class=\"elementor-icon-box-title\">\n\t\t\t\t\t\t<a href=\"https:\/\/dexo.cz\/sk\/produkty\/gs-i\/\" >\n\t\t\t\t\t\t\tGS I.\t\t\t\t\t\t<\/a>\n\t\t\t\t\t<\/h2>\n\t\t\t\t\n\t\t\t\t\n\t\t\t<\/div>\n\t\t\t\n\t\t<\/div>\n\t\t\t\t\t\t<\/div>\n\t\t\t\t<\/div>\n\t\t\t\t\t<\/div>\n\t\t\t\t<\/div>\n\t\t\t\t<\/div>\n\t\t\t\t<div data-elementor-type=\"loop-item\" data-elementor-id=\"1768\" class=\"elementor elementor-1768 e-loop-item e-loop-item-2093 post-2093 produkty type-produkty status-publish has-post-thumbnail hentry category-prosklene-pricky category-gs-ii tag-podkategorie\" data-elementor-post-type=\"elementor_library\" data-custom-edit-handle=\"1\">\n\t\t\t<div class=\"elementor-element elementor-element-15a08c2 e-flex e-con-boxed e-con e-parent\" data-id=\"15a08c2\" data-element_type=\"container\" data-settings=\"{&quot;background_background&quot;:&quot;classic&quot;}\">\n\t\t\t\t\t<div class=\"e-con-inner\">\n\t\t\t\t<div class=\"elementor-element elementor-element-4f9215c img-zoom elementor-widget elementor-widget-image\" data-id=\"4f9215c\" data-element_type=\"widget\" data-widget_type=\"image.default\">\n\t\t\t\t\t\t\t\t\t\t\t\t\t\t\t\t<a href=\"https:\/\/dexo.cz\/sk\/produkty\/gs-ii\/\">\n\t\t\t\t\t\t\t<img decoding=\"async\" width=\"1920\" height=\"1280\" src=\"https:\/\/dexo.cz\/wp-content\/uploads\/2025\/06\/IdeaBank_2.jpg\" class=\"attachment-full size-full wp-image-5199\" alt=\"\" srcset=\"https:\/\/dexo.cz\/wp-content\/uploads\/2025\/06\/IdeaBank_2.jpg 1920w, https:\/\/dexo.cz\/wp-content\/uploads\/2025\/06\/IdeaBank_2-300x200.jpg 300w, https:\/\/dexo.cz\/wp-content\/uploads\/2025\/06\/IdeaBank_2-1024x683.jpg 1024w, https:\/\/dexo.cz\/wp-content\/uploads\/2025\/06\/IdeaBank_2-768x512.jpg 768w, https:\/\/dexo.cz\/wp-content\/uploads\/2025\/06\/IdeaBank_2-1536x1024.jpg 1536w, https:\/\/dexo.cz\/wp-content\/uploads\/2025\/06\/IdeaBank_2-18x12.jpg 18w\" sizes=\"(max-width: 1920px) 100vw, 1920px\" \/>\t\t\t\t\t\t\t\t<\/a>\n\t\t\t\t\t\t\t\t\t\t\t\t\t\t\t<\/div>\n\t\t<div class=\"elementor-element elementor-element-de61945 e-con-full e-flex e-con e-child\" data-id=\"de61945\" data-element_type=\"container\">\n\t\t\t\t<div class=\"elementor-element elementor-element-59d1f6c elementor-position-inline-start elementor-mobile-position-inline-start elementor-view-default elementor-widget elementor-widget-icon-box\" data-id=\"59d1f6c\" data-element_type=\"widget\" data-widget_type=\"icon-box.default\">\n\t\t\t\t\t\t\t<div class=\"elementor-icon-box-wrapper\">\n\n\t\t\t\t\t\t<div class=\"elementor-icon-box-icon\">\n\t\t\t\t<a href=\"https:\/\/dexo.cz\/sk\/produkty\/gs-ii\/\" class=\"elementor-icon\" tabindex=\"-1\" aria-label=\"GS II.\">\n\t\t\t\t<svg xmlns=\"http:\/\/www.w3.org\/2000\/svg\" width=\"3\" height=\"5\" viewbox=\"0 0 3 5\" fill=\"none\"><path d=\"M0.104 4.176C0.056 4.176 0.024 4.164 0.00800003 4.14C-0.00800001 4.108 -1.86265e-08 4.072 0.032 4.032L1.52 2.124C1.536 2.1 1.536 2.076 1.52 2.052L0.032 0.144C0.016 0.128 0.00800003 0.104 0.00800003 0.0719998C0.00800003 0.0559998 0.016 0.0399998 0.032 0.024C0.048 0.00800002 0.072 0 0.104 0H0.68C0.752 0 0.804 0.0239999 0.836 0.0719998L2.348 2.004C2.364 2.028 2.372 2.056 2.372 2.088C2.372 2.12 2.364 2.148 2.348 2.172L0.836 4.104C0.804 4.152 0.752 4.176 0.68 4.176H0.104Z\" fill=\"black\"><\/path><\/svg>\t\t\t\t<\/a>\n\t\t\t<\/div>\n\t\t\t\n\t\t\t\t\t\t<div class=\"elementor-icon-box-content\">\n\n\t\t\t\t\t\t\t\t\t<h2 class=\"elementor-icon-box-title\">\n\t\t\t\t\t\t<a href=\"https:\/\/dexo.cz\/sk\/produkty\/gs-ii\/\" >\n\t\t\t\t\t\t\tGS II.\t\t\t\t\t\t<\/a>\n\t\t\t\t\t<\/h2>\n\t\t\t\t\n\t\t\t\t\n\t\t\t<\/div>\n\t\t\t\n\t\t<\/div>\n\t\t\t\t\t\t<\/div>\n\t\t\t\t<\/div>\n\t\t\t\t\t<\/div>\n\t\t\t\t<\/div>\n\t\t\t\t<\/div>\n\t\t\t\t<div data-elementor-type=\"loop-item\" data-elementor-id=\"1768\" class=\"elementor elementor-1768 e-loop-item e-loop-item-2448 post-2448 produkty type-produkty status-publish has-post-thumbnail hentry category-flamo category-prosklene-pricky tag-podkategorie\" data-elementor-post-type=\"elementor_library\" data-custom-edit-handle=\"1\">\n\t\t\t<div class=\"elementor-element elementor-element-15a08c2 e-flex e-con-boxed e-con e-parent\" data-id=\"15a08c2\" data-element_type=\"container\" data-settings=\"{&quot;background_background&quot;:&quot;classic&quot;}\">\n\t\t\t\t\t<div class=\"e-con-inner\">\n\t\t\t\t<div class=\"elementor-element elementor-element-4f9215c img-zoom elementor-widget elementor-widget-image\" data-id=\"4f9215c\" data-element_type=\"widget\" data-widget_type=\"image.default\">\n\t\t\t\t\t\t\t\t\t\t\t\t\t\t\t\t<a href=\"https:\/\/dexo.cz\/sk\/produkty\/flamo\/\">\n\t\t\t\t\t\t\t<img decoding=\"async\" width=\"1920\" height=\"1280\" src=\"https:\/\/dexo.cz\/wp-content\/uploads\/2025\/06\/005-gymnation-6483.webp\" class=\"attachment-full size-full wp-image-3000\" alt=\"\" srcset=\"https:\/\/dexo.cz\/wp-content\/uploads\/2025\/06\/005-gymnation-6483.webp 1920w, https:\/\/dexo.cz\/wp-content\/uploads\/2025\/06\/005-gymnation-6483-300x200.webp 300w, https:\/\/dexo.cz\/wp-content\/uploads\/2025\/06\/005-gymnation-6483-1024x683.webp 1024w, https:\/\/dexo.cz\/wp-content\/uploads\/2025\/06\/005-gymnation-6483-768x512.webp 768w, https:\/\/dexo.cz\/wp-content\/uploads\/2025\/06\/005-gymnation-6483-1536x1024.webp 1536w, https:\/\/dexo.cz\/wp-content\/uploads\/2025\/06\/005-gymnation-6483-18x12.webp 18w\" sizes=\"(max-width: 1920px) 100vw, 1920px\" \/>\t\t\t\t\t\t\t\t<\/a>\n\t\t\t\t\t\t\t\t\t\t\t\t\t\t\t<\/div>\n\t\t<div class=\"elementor-element elementor-element-de61945 e-con-full e-flex e-con e-child\" data-id=\"de61945\" data-element_type=\"container\">\n\t\t\t\t<div class=\"elementor-element elementor-element-59d1f6c elementor-position-inline-start elementor-mobile-position-inline-start elementor-view-default elementor-widget elementor-widget-icon-box\" data-id=\"59d1f6c\" data-element_type=\"widget\" data-widget_type=\"icon-box.default\">\n\t\t\t\t\t\t\t<div class=\"elementor-icon-box-wrapper\">\n\n\t\t\t\t\t\t<div class=\"elementor-icon-box-icon\">\n\t\t\t\t<a href=\"https:\/\/dexo.cz\/sk\/produkty\/flamo\/\" class=\"elementor-icon\" tabindex=\"-1\" aria-label=\"Flamo\">\n\t\t\t\t<svg xmlns=\"http:\/\/www.w3.org\/2000\/svg\" width=\"3\" height=\"5\" viewbox=\"0 0 3 5\" fill=\"none\"><path d=\"M0.104 4.176C0.056 4.176 0.024 4.164 0.00800003 4.14C-0.00800001 4.108 -1.86265e-08 4.072 0.032 4.032L1.52 2.124C1.536 2.1 1.536 2.076 1.52 2.052L0.032 0.144C0.016 0.128 0.00800003 0.104 0.00800003 0.0719998C0.00800003 0.0559998 0.016 0.0399998 0.032 0.024C0.048 0.00800002 0.072 0 0.104 0H0.68C0.752 0 0.804 0.0239999 0.836 0.0719998L2.348 2.004C2.364 2.028 2.372 2.056 2.372 2.088C2.372 2.12 2.364 2.148 2.348 2.172L0.836 4.104C0.804 4.152 0.752 4.176 0.68 4.176H0.104Z\" fill=\"black\"><\/path><\/svg>\t\t\t\t<\/a>\n\t\t\t<\/div>\n\t\t\t\n\t\t\t\t\t\t<div class=\"elementor-icon-box-content\">\n\n\t\t\t\t\t\t\t\t\t<h2 class=\"elementor-icon-box-title\">\n\t\t\t\t\t\t<a href=\"https:\/\/dexo.cz\/sk\/produkty\/flamo\/\" >\n\t\t\t\t\t\t\tFlamo\t\t\t\t\t\t<\/a>\n\t\t\t\t\t<\/h2>\n\t\t\t\t\n\t\t\t\t\n\t\t\t<\/div>\n\t\t\t\n\t\t<\/div>\n\t\t\t\t\t\t<\/div>\n\t\t\t\t<\/div>\n\t\t\t\t\t<\/div>\n\t\t\t\t<\/div>\n\t\t\t\t<\/div>\n\t\t\t\t<\/div>\n\t\t\n\t\t\t\t\t\t<\/div>\n\t\t\t\t<\/div>\n\t\t\t\t\t<\/div>\n\t\t\t\t<\/div>\n\t\t\t\t<\/div>","protected":false},"excerpt":{"rendered":"<p>Pon\u00fakame \u0161irok\u00fd sortiment interi\u00e9rov\u00fdch prie\u010dok - od elegantn\u00e9ho jednoduch\u00e9ho zasklenia cez akustick\u00e9 steny s dvojit\u00fdm zasklen\u00edm a\u017e po certifikovan\u00e9 protipo\u017eiarne prie\u010dky. Vyberte si z r\u00f4znych dizajnov dver\u00ed a dopl\u0148te svoj priestor o akustick\u00e9 prvky pre maxim\u00e1lny pokoj a pohodlie.<\/p>","protected":false},"author":1,"featured_media":0,"parent":3418,"menu_order":0,"comment_status":"closed","ping_status":"closed","template":"","meta":{"footnotes":""},"class_list":["post-2071","page","type-page","status-publish","hentry"],"_links":{"self":[{"href":"https:\/\/dexo.cz\/sk\/wp-json\/wp\/v2\/pages\/2071","targetHints":{"allow":["GET"]}}],"collection":[{"href":"https:\/\/dexo.cz\/sk\/wp-json\/wp\/v2\/pages"}],"about":[{"href":"https:\/\/dexo.cz\/sk\/wp-json\/wp\/v2\/types\/page"}],"author":[{"embeddable":true,"href":"https:\/\/dexo.cz\/sk\/wp-json\/wp\/v2\/users\/1"}],"replies":[{"embeddable":true,"href":"https:\/\/dexo.cz\/sk\/wp-json\/wp\/v2\/comments?post=2071"}],"version-history":[{"count":10,"href":"https:\/\/dexo.cz\/sk\/wp-json\/wp\/v2\/pages\/2071\/revisions"}],"predecessor-version":[{"id":5251,"href":"https:\/\/dexo.cz\/sk\/wp-json\/wp\/v2\/pages\/2071\/revisions\/5251"}],"up":[{"embeddable":true,"href":"https:\/\/dexo.cz\/sk\/wp-json\/wp\/v2\/pages\/3418"}],"wp:attachment":[{"href":"https:\/\/dexo.cz\/sk\/wp-json\/wp\/v2\/media?parent=2071"}],"curies":[{"name":"wp","href":"https:\/\/api.w.org\/{rel}","templated":true}]}}