{"id":2621,"date":"2025-06-18T20:47:03","date_gmt":"2025-06-18T20:47:03","guid":{"rendered":"https:\/\/new.dexo.cz\/?page_id=2621"},"modified":"2025-08-27T08:45:31","modified_gmt":"2025-08-27T08:45:31","slug":"gdpr","status":"publish","type":"page","link":"https:\/\/dexo.cz\/sk\/gdpr\/","title":{"rendered":"GDPR"},"content":{"rendered":"<div data-elementor-type=\"wp-page\" data-elementor-id=\"2621\" class=\"elementor elementor-2621\" data-elementor-post-type=\"page\">\n\t\t\t\t<div class=\"elementor-element elementor-element-e570a98 e-flex e-con-boxed e-con e-parent\" data-id=\"e570a98\" data-element_type=\"container\">\n\t\t\t\t\t<div class=\"e-con-inner\">\n\t\t<div class=\"elementor-element elementor-element-9d2be13 e-con-full e-flex e-con e-child\" data-id=\"9d2be13\" data-element_type=\"container\">\n\t\t\t\t<div class=\"elementor-element elementor-element-fb62fb0 elementor-widget elementor-widget-heading\" data-id=\"fb62fb0\" data-element_type=\"widget\" data-widget_type=\"heading.default\">\n\t\t\t\t\t<h1 class=\"elementor-heading-title elementor-size-default\">Spracovanie osobn\u00fdch \u00fadajov (GDPR)<\/h1>\t\t\t\t<\/div>\n\t\t\t\t<div class=\"elementor-element elementor-element-1a4b0af elementor-widget-divider--view-line elementor-widget elementor-widget-divider\" data-id=\"1a4b0af\" data-element_type=\"widget\" data-widget_type=\"divider.default\">\n\t\t\t\t\t\t\t<div class=\"elementor-divider\">\n\t\t\t<span class=\"elementor-divider-separator\">\n\t\t\t\t\t\t<\/span>\n\t\t<\/div>\n\t\t\t\t\t\t<\/div>\n\t\t\t\t<div class=\"elementor-element elementor-element-4c6d975 elementor-widget elementor-widget-text-editor\" data-id=\"4c6d975\" data-element_type=\"widget\" data-widget_type=\"text-editor.default\">\n\t\t\t\t\t\t\t\t\tSprac\u00favame osobn\u00e9 \u00fadaje os\u00f4b, ktor\u00e9 n\u00e1m dobrovo\u013ene poskytli svoje osobn\u00e9 \u00fadaje - najm\u00e4 e-mailov\u00e9 adresy, men\u00e1 a priezvisk\u00e1, po\u0161tov\u00e9 adresy, telef\u00f3nne \u010d\u00edsla at\u010f.\n\nAk n\u00e1m fyzick\u00e1 osoba dobrovo\u013ene poskytne svoje osobn\u00e9 \u00fadaje pri zad\u00e1van\u00ed objedn\u00e1vky, pri potvrden\u00ed, \u017ee si \u017eel\u00e1 dost\u00e1va\u0165 newsletter, alebo ak\u00fdmko\u013evek in\u00fdm sp\u00f4sobom, potom tieto osobn\u00e9 \u00fadaje sprac\u00favame len na legit\u00edmne \u00fa\u010dely a maxim\u00e1lne 10 rokov.\n\nOsobn\u00e9 \u00fadaje sprac\u00favame na \u00fa\u010dely plnenia na\u0161ich z\u00e1konn\u00fdch povinnost\u00ed, na \u00fa\u010dely na\u0161ich obchodn\u00fdch \u010dinnost\u00ed (najm\u00e4 na spracovanie objedn\u00e1vok a plnenie zmluvn\u00fdch povinnost\u00ed) a na marketingov\u00e9 \u00fa\u010dely. Marketingov\u00e9 \u00fa\u010dely zah\u0155\u0148aj\u00fa:\n<ul>\n \t<li>pou\u017e\u00edvanie s\u00faborov cookie a s\u00favisiace cielen\u00e9 reklamn\u00e9 a marketingov\u00e9 prieskumy - pri prvej n\u00e1v\u0161teve na\u0161ej webovej str\u00e1nky v\u00e1s upozor\u0148ujeme na pou\u017e\u00edvanie s\u00faborov cookie a na skuto\u010dnos\u0165, \u017ee pou\u017e\u00edvan\u00edm na\u0161ej webovej str\u00e1nky s\u00fahlas\u00edte s pou\u017e\u00edvan\u00edm s\u00faborov cookie, ale m\u00f4\u017eete odmietnu\u0165, zablokova\u0165 alebo vymaza\u0165 pou\u017e\u00edvanie s\u00faborov cookie vo svojom prehliada\u010di;<\/li>\n \t<li>zasielanie obchodn\u00fdch ozn\u00e1men\u00ed (najm\u00e4 zasielanie newsletterov, noviniek, recenzi\u00ed, podujat\u00ed at\u010f.) - na z\u00e1klade s\u00fahlasu osoby.<\/li>\n<\/ul>\nMarketingov\u00e9 \u00fa\u010dely sa t\u00fdkaj\u00fa \u010dinnost\u00ed, slu\u017eieb a produktov poskytovan\u00fdch spolo\u010dnos\u0165ou DEXO s.r.o. a tie\u017e poskytovan\u00fdch in\u00fdmi subjektmi, ak je spolo\u010dnos\u0165 DEXO s.r.o. ich partnerom.\n\nAkt\u00edvnym pou\u017e\u00edvan\u00edm soci\u00e1lnych siet\u00ed v s\u00favislosti s na\u0161ou spolo\u010dnos\u0165ou pou\u017e\u00edvate\u013e s\u00fahlas\u00ed so spracovan\u00edm svojich osobn\u00fdch \u00fadajov na marketingov\u00e9 \u00fa\u010dely na soci\u00e1lnych sie\u0165ach.\n\n<strong>S\u00fahlas so spracovan\u00edm osobn\u00fdch \u00fadajov a pr\u00e1vo na odvolanie s\u00fahlasu<\/strong>\n\nAk fyzick\u00e1 osoba prejav\u00ed z\u00e1ujem o zasielanie obchodn\u00fdch ozn\u00e1men\u00ed, a to bu\u010f s\u00fahlasom v papierovej forme, alebo potvrden\u00edm, \u017ee si \u017eel\u00e1 dost\u00e1va\u0165 informa\u010dn\u00e9 bulletiny na na\u0161ej webovej str\u00e1nke, d\u00e1va n\u00e1m s\u00fahlas so spracovan\u00edm osobn\u00fdch \u00fadajov na \u00fa\u010dely zasielania obchodn\u00fdch ozn\u00e1men\u00ed.\n\n<strong>Pr\u00edjemcovia osobn\u00fdch \u00fadajov<\/strong>\n\nOsobn\u00e9 \u00fadaje poskytujeme len t\u00fdm subjektom, ktor\u00e9 prich\u00e1dzaj\u00fa do kontaktu s osobn\u00fdmi \u00fadajmi s oh\u013eadom na \u00fa\u010del spracovania osobn\u00fdch \u00fadajov, a to len v nevyhnutnom rozsahu a len na \u00fa\u010del spracovania. Osobn\u00e9 \u00fadaje teda poskytujeme spr\u00e1vcom na\u0161ich syst\u00e9mov information vr\u00e1tane webov\u00fdch str\u00e1nok, zmluvn\u00fdm dopravcom (na \u00fa\u010dely doru\u010dovania z\u00e1sielok tovaru), zmluvn\u00fdm poskytovate\u013eom slu\u017eieb (spracovanie \u00fa\u010dtovn\u00edctva at\u010f.).\n\n<strong>Va\u0161e pr\u00e1va<\/strong>\n\nV s\u00favislosti so svojimi osobn\u00fdmi \u00fadajmi m\u00e1te tieto pr\u00e1va:\n<ul>\n \t<li>pr\u00edstup k va\u0161im osobn\u00fdm \u00fadajom (najm\u00e4 \u010di a ak\u00e9 \u00fadaje sprac\u00favame).<\/li>\n \t<li>opravi\u0165 va\u0161e osobn\u00e9 \u00fadaje.<\/li>\n \t<li>na vymazanie va\u0161ich osobn\u00fdch \u00fadajov (pokia\u013e to nie je v rozpore s in\u00fdm opr\u00e1vnen\u00fdm z\u00e1ujmom).<\/li>\n \t<li>vznies\u0165 n\u00e1mietku proti spracovaniu<\/li>\n \t<li>obmedzi\u0165 spracovanie<\/li>\n \t<li>o prenosnosti \u00fadajov<\/li>\n \t<li>poda\u0165 s\u0165a\u017enos\u0165 dozorn\u00e9mu org\u00e1nu (v \u010ceskej republike je dozorn\u00fdm org\u00e1nom \u00darad na ochranu osobn\u00fdch \u00fadajov,\u00a0<a href=\"http:\/\/www.uoou.cz\/\" target=\"_blank\" rel=\"noopener\">www.uoou.cz<\/a>).<\/li>\n<\/ul>\n<div><\/div>\nSvoje pr\u00e1va vo\u010di n\u00e1m m\u00f4\u017eete uplatni\u0165 p\u00edsomne na adrese n\u00e1\u0161ho s\u00eddla alebo e-mailom na adrese\u00a0<a href=\"mailto:info@dexo.cz\" translate=\"no\"><span translate=\"no\">info@dexo.cz<\/span><\/a>\n\t\t\t\t\t\t\t\t<\/div>\n\t\t\t\t<\/div>\n\t\t\t\t\t<\/div>\n\t\t\t\t<\/div>\n\t\t\t\t<\/div>","protected":false},"excerpt":{"rendered":"<p>Spracovanie osobn\u00fdch \u00fadajov (GDPR) Sprac\u00favame osobn\u00e9 \u00fadaje os\u00f4b, ktor\u00e9 n\u00e1m dobrovo\u013ene poskytli svoje osobn\u00e9 \u00fadaje - najm\u00e4 e-mailov\u00e9 adresy, men\u00e1 a priezvisk\u00e1, po\u0161tov\u00e9 adresy, telef\u00f3nne \u010d\u00edsla at\u010f. Ak n\u00e1m fyzick\u00e1 osoba dobrovo\u013ene poskytne svoje osobn\u00e9 \u00fadaje pri zad\u00e1van\u00ed objedn\u00e1vky, pri potvrden\u00ed, \u017ee si \u017eel\u00e1 dost\u00e1va\u0165 newsletter, alebo ak\u00fdmko\u013evek in\u00fdm sp\u00f4sobom, potom tieto osobn\u00e9 \u00fadaje sprac\u00favame len na legit\u00edmne \u00fa\u010dely, a to [...]<\/p>","protected":false},"author":1,"featured_media":0,"parent":0,"menu_order":0,"comment_status":"closed","ping_status":"closed","template":"","meta":{"footnotes":""},"class_list":["post-2621","page","type-page","status-publish","hentry"],"_links":{"self":[{"href":"https:\/\/dexo.cz\/sk\/wp-json\/wp\/v2\/pages\/2621","targetHints":{"allow":["GET"]}}],"collection":[{"href":"https:\/\/dexo.cz\/sk\/wp-json\/wp\/v2\/pages"}],"about":[{"href":"https:\/\/dexo.cz\/sk\/wp-json\/wp\/v2\/types\/page"}],"author":[{"embeddable":true,"href":"https:\/\/dexo.cz\/sk\/wp-json\/wp\/v2\/users\/1"}],"replies":[{"embeddable":true,"href":"https:\/\/dexo.cz\/sk\/wp-json\/wp\/v2\/comments?post=2621"}],"version-history":[{"count":0,"href":"https:\/\/dexo.cz\/sk\/wp-json\/wp\/v2\/pages\/2621\/revisions"}],"wp:attachment":[{"href":"https:\/\/dexo.cz\/sk\/wp-json\/wp\/v2\/media?parent=2621"}],"curies":[{"name":"wp","href":"https:\/\/api.w.org\/{rel}","templated":true}]}}