{"id":271,"date":"2023-11-19T13:17:29","date_gmt":"2023-11-19T13:17:29","guid":{"rendered":"https:\/\/new.dexo.cz\/?page_id=271"},"modified":"2026-04-16T12:50:02","modified_gmt":"2026-04-16T12:50:02","slug":"blog","status":"publish","type":"page","link":"https:\/\/dexo.cz\/sk\/blog\/","title":{"rendered":"Blog"},"content":{"rendered":"<div data-elementor-type=\"wp-page\" data-elementor-id=\"271\" class=\"elementor elementor-271\" data-elementor-post-type=\"page\">\n\t\t\t\t<div class=\"elementor-element elementor-element-09fd58f e-flex e-con-boxed e-con e-parent\" data-id=\"09fd58f\" data-element_type=\"container\">\n\t\t\t\t\t<div class=\"e-con-inner\">\n\t\t\t\t<div class=\"elementor-element elementor-element-c6887ed elementor-grid-3 elementor-grid-tablet-2 elementor-grid-mobile-1 elementor-widget elementor-widget-loop-grid\" data-id=\"c6887ed\" data-element_type=\"widget\" data-settings=\"{&quot;template_id&quot;:2010,&quot;columns&quot;:3,&quot;pagination_type&quot;:&quot;numbers_and_prev_next&quot;,&quot;_skin&quot;:&quot;post&quot;,&quot;columns_tablet&quot;:&quot;2&quot;,&quot;columns_mobile&quot;:&quot;1&quot;,&quot;edit_handle_selector&quot;:&quot;[data-elementor-type=\\&quot;loop-item\\&quot;]&quot;,&quot;pagination_load_type&quot;:&quot;page_reload&quot;,&quot;row_gap&quot;:{&quot;unit&quot;:&quot;px&quot;,&quot;size&quot;:&quot;&quot;,&quot;sizes&quot;:[]},&quot;row_gap_tablet&quot;:{&quot;unit&quot;:&quot;px&quot;,&quot;size&quot;:&quot;&quot;,&quot;sizes&quot;:[]},&quot;row_gap_mobile&quot;:{&quot;unit&quot;:&quot;px&quot;,&quot;size&quot;:&quot;&quot;,&quot;sizes&quot;:[]}}\" data-widget_type=\"loop-grid.post\">\n\t\t\t\t<div class=\"elementor-widget-container\">\n\t\t\t\t\t\t\t<div class=\"elementor-loop-container elementor-grid\" role=\"list\">\n\t\t<style id=\"loop-dynamic-2010\">.e-loop-item-6874 .elementor-element.elementor-element-caafbf8:not(.elementor-motion-effects-element-type-background), .e-loop-item-6874 .elementor-element.elementor-element-caafbf8 > .elementor-motion-effects-container > .elementor-motion-effects-layer{background-image:url(\"https:\/\/dexo.cz\/wp-content\/uploads\/2026\/04\/ITIXO.png\");}<\/style><style id=\"loop-2010\">.elementor-2010 .elementor-element.elementor-element-62776c4{--display:flex;--flex-direction:column;--container-widget-width:100%;--container-widget-height:initial;--container-widget-flex-grow:0;--container-widget-align-self:initial;--flex-wrap-mobile:wrap;--gap:0px 0px;--row-gap:0px;--column-gap:0px;--padding-top:0px;--padding-bottom:0px;--padding-left:0px;--padding-right:0px;}.elementor-2010 .elementor-element.elementor-element-caafbf8{--display:flex;--min-height:275px;}.elementor-2010 .elementor-element.elementor-element-caafbf8:not(.elementor-motion-effects-element-type-background), .elementor-2010 .elementor-element.elementor-element-caafbf8 > .elementor-motion-effects-container > .elementor-motion-effects-layer{background-size:cover;}.elementor-2010 .elementor-element.elementor-element-51215df{--display:flex;--padding-top:20px;--padding-bottom:20px;--padding-left:20px;--padding-right:20px;}.elementor-2010 .elementor-element.elementor-element-51215df:not(.elementor-motion-effects-element-type-background), .elementor-2010 .elementor-element.elementor-element-51215df > .elementor-motion-effects-container > .elementor-motion-effects-layer{background-color:var( --e-global-color-430c637 );}.elementor-2010 .elementor-element.elementor-element-51215df.e-con{--flex-grow:1;--flex-shrink:0;}.elementor-widget-heading .elementor-heading-title{font-family:var( --e-global-typography-primary-font-family ), Sans-serif;font-weight:var( --e-global-typography-primary-font-weight );color:var( --e-global-color-primary );}.elementor-2010 .elementor-element.elementor-element-2a5d70a .elementor-heading-title{font-family:\"Barlow\", Sans-serif;font-size:13px;font-weight:normal;color:var( --e-global-color-primary );}.elementor-widget-theme-post-title .elementor-heading-title{font-family:var( --e-global-typography-primary-font-family ), Sans-serif;font-weight:var( --e-global-typography-primary-font-weight );color:var( --e-global-color-primary );}.elementor-2010 .elementor-element.elementor-element-ecaddce .elementor-heading-title{font-family:\"Barlow\", Sans-serif;font-size:20px;font-weight:600;}.elementor-2010 .elementor-element.elementor-element-ecaddce .elementor-heading-title a:hover, .elementor-2010 .elementor-element.elementor-element-ecaddce .elementor-heading-title a:focus{color:var( --e-global-color-accent );}.elementor-widget-theme-post-excerpt{font-family:var( --e-global-typography-text-font-family ), Sans-serif;font-weight:var( --e-global-typography-text-font-weight );color:var( --e-global-color-text );}\/* Start custom CSS for container, class: .elementor-element-caafbf8 *\/.bg-zoom {\n    position: relative;\n    overflow: hidden;\n}\n\n.bg-zoom::before {\n    content: \"\";\n    position: absolute;\n    inset: 0;\n    background-image: inherit;\n    background-size: cover;\n    background-position: center;\n    transform: scale(1);\n    transition: transform 0.6s ease;\n    z-index: 0;\n    pointer-events: none;\n}\n\n.bg-zoom:hover::before {\n    transform: scale(1.05); \/* zm\u011b\u0148 dle pot\u0159eby *\/\n}\/* End custom CSS *\/<\/style>\t\t<div data-elementor-type=\"loop-item\" data-elementor-id=\"2010\" class=\"elementor elementor-2010 e-loop-item e-loop-item-6874 post-6874 post type-post status-publish format-standard has-post-thumbnail hentry category-prosklene-pricky\" data-elementor-post-type=\"elementor_library\" data-custom-edit-handle=\"1\">\n\t\t\t<a class=\"elementor-element elementor-element-62776c4 e-flex e-con-boxed e-con e-parent\" data-id=\"62776c4\" data-element_type=\"container\" href=\"https:\/\/dexo.cz\/sk\/modernym-kancelariam-dominuju-zaoblene-steny\/\">\n\t\t\t\t\t<div class=\"e-con-inner\">\n\t\t<div class=\"elementor-element elementor-element-caafbf8 e-con-full bg-zoom e-flex e-con e-child\" data-id=\"caafbf8\" data-element_type=\"container\" data-settings=\"{&quot;background_background&quot;:&quot;classic&quot;}\">\n\t\t\t\t<\/div>\n\t\t<div class=\"elementor-element elementor-element-51215df e-con-full e-flex e-con e-child\" data-id=\"51215df\" data-element_type=\"container\" data-settings=\"{&quot;background_background&quot;:&quot;classic&quot;}\">\n\t\t\t\t<div class=\"elementor-element elementor-element-2a5d70a elementor-widget elementor-widget-heading\" data-id=\"2a5d70a\" data-element_type=\"widget\" data-widget_type=\"heading.default\">\n\t\t\t\t\t<span class=\"elementor-heading-title elementor-size-default\">16. 04. 2026<\/span>\t\t\t\t<\/div>\n\t\t\t\t<div class=\"elementor-element elementor-element-ecaddce elementor-widget elementor-widget-theme-post-title elementor-page-title elementor-widget-heading\" data-id=\"ecaddce\" data-element_type=\"widget\" data-widget_type=\"theme-post-title.default\">\n\t\t\t\t\t<h2 class=\"elementor-heading-title elementor-size-default\">Zaoblen\u00e9 steny: dominantn\u00fd prvok modern\u00fdch kancel\u00e1ri\u00ed<\/h2>\t\t\t\t<\/div>\n\t\t\t\t<div class=\"elementor-element elementor-element-0bba36c elementor-widget elementor-widget-theme-post-excerpt\" data-id=\"0bba36c\" data-element_type=\"widget\" data-widget_type=\"theme-post-excerpt.default\">\n\t\t\t\t\t<p>Modern\u00e9 kancel\u00e1rie u\u017e nie s\u00fa len stoly, stoli\u010dky a oddelen\u00e9 miestnosti. Dne\u0161n\u00e9 pracovn\u00e9\t\t\t\t<\/div>\n\t\t\t\t<\/div>\n\t\t\t\t\t<\/div>\n\t\t\t\t<\/a>\n\t\t\t\t<\/div>\n\t\t<style id=\"loop-dynamic-2010\">.e-loop-item-6448 .elementor-element.elementor-element-caafbf8:not(.elementor-motion-effects-element-type-background), .e-loop-item-6448 .elementor-element.elementor-element-caafbf8 > .elementor-motion-effects-container > .elementor-motion-effects-layer{background-image:url(\"https:\/\/dexo.cz\/wp-content\/uploads\/2026\/01\/abugo-047-web.jpg\");}<\/style>\t\t<div data-elementor-type=\"loop-item\" data-elementor-id=\"2010\" class=\"elementor elementor-2010 e-loop-item e-loop-item-6448 post-6448 post type-post status-publish format-standard has-post-thumbnail hentry category-prosklene-pricky\" data-elementor-post-type=\"elementor_library\" data-custom-edit-handle=\"1\">\n\t\t\t<a class=\"elementor-element elementor-element-62776c4 e-flex e-con-boxed e-con e-parent\" data-id=\"62776c4\" data-element_type=\"container\" href=\"https:\/\/dexo.cz\/sk\/kancelaria-ako-mesto\/\">\n\t\t\t\t\t<div class=\"e-con-inner\">\n\t\t<div class=\"elementor-element elementor-element-caafbf8 e-con-full bg-zoom e-flex e-con e-child\" data-id=\"caafbf8\" data-element_type=\"container\" data-settings=\"{&quot;background_background&quot;:&quot;classic&quot;}\">\n\t\t\t\t<\/div>\n\t\t<div class=\"elementor-element elementor-element-51215df e-con-full e-flex e-con e-child\" data-id=\"51215df\" data-element_type=\"container\" data-settings=\"{&quot;background_background&quot;:&quot;classic&quot;}\">\n\t\t\t\t<div class=\"elementor-element elementor-element-2a5d70a elementor-widget elementor-widget-heading\" data-id=\"2a5d70a\" data-element_type=\"widget\" data-widget_type=\"heading.default\">\n\t\t\t\t\t<span class=\"elementor-heading-title elementor-size-default\">12. 02. 2026<\/span>\t\t\t\t<\/div>\n\t\t\t\t<div class=\"elementor-element elementor-element-ecaddce elementor-widget elementor-widget-theme-post-title elementor-page-title elementor-widget-heading\" data-id=\"ecaddce\" data-element_type=\"widget\" data-widget_type=\"theme-post-title.default\">\n\t\t\t\t\t<h2 class=\"elementor-heading-title elementor-size-default\">Kancel\u00e1rie ako mesto<\/h2>\t\t\t\t<\/div>\n\t\t\t\t<div class=\"elementor-element elementor-element-0bba36c elementor-widget elementor-widget-theme-post-excerpt\" data-id=\"0bba36c\" data-element_type=\"widget\" data-widget_type=\"theme-post-excerpt.default\">\n\t\t\t\t\t<p>Projekt Abugo v Brne je jedn\u00fdm z v\u00fdnimo\u010dn\u00fdch interi\u00e9rov, ktor\u00e9 pos\u00favaj\u00fa hranice modern\u00e9ho pracovn\u00e9ho prostredia.\t\t\t\t<\/div>\n\t\t\t\t<\/div>\n\t\t\t\t\t<\/div>\n\t\t\t\t<\/a>\n\t\t\t\t<\/div>\n\t\t<style id=\"loop-dynamic-2010\">.e-loop-item-6298 .elementor-element.elementor-element-caafbf8:not(.elementor-motion-effects-element-type-background), .e-loop-item-6298 .elementor-element.elementor-element-caafbf8 > .elementor-motion-effects-container > .elementor-motion-effects-layer{background-image:url(\"https:\/\/dexo.cz\/wp-content\/uploads\/2026\/01\/Bez-nazvu-2048-x-1300-px.png\");}<\/style>\t\t<div data-elementor-type=\"loop-item\" data-elementor-id=\"2010\" class=\"elementor elementor-2010 e-loop-item e-loop-item-6298 post-6298 post type-post status-publish format-standard has-post-thumbnail hentry category-prosklene-pricky\" data-elementor-post-type=\"elementor_library\" data-custom-edit-handle=\"1\">\n\t\t\t<a class=\"elementor-element elementor-element-62776c4 e-flex e-con-boxed e-con e-parent\" data-id=\"62776c4\" data-element_type=\"container\" href=\"https:\/\/dexo.cz\/sk\/mame-nove-brozury-presklenych-priecok\/\">\n\t\t\t\t\t<div class=\"e-con-inner\">\n\t\t<div class=\"elementor-element elementor-element-caafbf8 e-con-full bg-zoom e-flex e-con e-child\" data-id=\"caafbf8\" data-element_type=\"container\" data-settings=\"{&quot;background_background&quot;:&quot;classic&quot;}\">\n\t\t\t\t<\/div>\n\t\t<div class=\"elementor-element elementor-element-51215df e-con-full e-flex e-con e-child\" data-id=\"51215df\" data-element_type=\"container\" data-settings=\"{&quot;background_background&quot;:&quot;classic&quot;}\">\n\t\t\t\t<div class=\"elementor-element elementor-element-2a5d70a elementor-widget elementor-widget-heading\" data-id=\"2a5d70a\" data-element_type=\"widget\" data-widget_type=\"heading.default\">\n\t\t\t\t\t<span class=\"elementor-heading-title elementor-size-default\">08. 01. 2026<\/span>\t\t\t\t<\/div>\n\t\t\t\t<div class=\"elementor-element elementor-element-ecaddce elementor-widget elementor-widget-theme-post-title elementor-page-title elementor-widget-heading\" data-id=\"ecaddce\" data-element_type=\"widget\" data-widget_type=\"theme-post-title.default\">\n\t\t\t\t\t<h2 class=\"elementor-heading-title elementor-size-default\">M\u00e1me nov\u00e9 bro\u017e\u00fary zasklen\u00fdch prie\u010dok<\/h2>\t\t\t\t<\/div>\n\t\t\t\t<div class=\"elementor-element elementor-element-0bba36c elementor-widget elementor-widget-theme-post-excerpt\" data-id=\"0bba36c\" data-element_type=\"widget\" data-widget_type=\"theme-post-excerpt.default\">\n\t\t\t\t\t<p>S nov\u00fdm rokom v\u00e1m s rados\u0165ou kone\u010dne predstavujeme nov\u00e9 katal\u00f3gy sklenen\u00fdch stien DEXO, ktor\u00e9\t\t\t\t<\/div>\n\t\t\t\t<\/div>\n\t\t\t\t\t<\/div>\n\t\t\t\t<\/a>\n\t\t\t\t<\/div>\n\t\t<style id=\"loop-dynamic-2010\">.e-loop-item-5267 .elementor-element.elementor-element-caafbf8:not(.elementor-motion-effects-element-type-background), .e-loop-item-5267 .elementor-element.elementor-element-caafbf8 > .elementor-motion-effects-container > .elementor-motion-effects-layer{background-image:url(\"https:\/\/dexo.cz\/wp-content\/uploads\/2025\/09\/LinkedIn-a-clanek-web-optimalni-velikost-obrazku-1.jpg\");}<\/style>\t\t<div data-elementor-type=\"loop-item\" data-elementor-id=\"2010\" class=\"elementor elementor-2010 e-loop-item e-loop-item-5267 post-5267 post type-post status-publish format-standard has-post-thumbnail hentry category-prosklene-pricky\" data-elementor-post-type=\"elementor_library\" data-custom-edit-handle=\"1\">\n\t\t\t<a class=\"elementor-element elementor-element-62776c4 e-flex e-con-boxed e-con e-parent\" data-id=\"62776c4\" data-element_type=\"container\" href=\"https:\/\/dexo.cz\/sk\/sme-vas-partner-na-slovensku-acoustic-pricky-dexo-v-centre-bratislavy\/\">\n\t\t\t\t\t<div class=\"e-con-inner\">\n\t\t<div class=\"elementor-element elementor-element-caafbf8 e-con-full bg-zoom e-flex e-con e-child\" data-id=\"caafbf8\" data-element_type=\"container\" data-settings=\"{&quot;background_background&quot;:&quot;classic&quot;}\">\n\t\t\t\t<\/div>\n\t\t<div class=\"elementor-element elementor-element-51215df e-con-full e-flex e-con e-child\" data-id=\"51215df\" data-element_type=\"container\" data-settings=\"{&quot;background_background&quot;:&quot;classic&quot;}\">\n\t\t\t\t<div class=\"elementor-element elementor-element-2a5d70a elementor-widget elementor-widget-heading\" data-id=\"2a5d70a\" data-element_type=\"widget\" data-widget_type=\"heading.default\">\n\t\t\t\t\t<span class=\"elementor-heading-title elementor-size-default\">23. 09. 2025<\/span>\t\t\t\t<\/div>\n\t\t\t\t<div class=\"elementor-element elementor-element-ecaddce elementor-widget elementor-widget-theme-post-title elementor-page-title elementor-widget-heading\" data-id=\"ecaddce\" data-element_type=\"widget\" data-widget_type=\"theme-post-title.default\">\n\t\t\t\t\t<h2 class=\"elementor-heading-title elementor-size-default\">Sme v\u00e1\u0161 partner na Slovensku - DEXO prie\u010dky v centre Bratislavy<\/h2>\t\t\t\t<\/div>\n\t\t\t\t<div class=\"elementor-element elementor-element-0bba36c elementor-widget elementor-widget-theme-post-excerpt\" data-id=\"0bba36c\" data-element_type=\"widget\" data-widget_type=\"theme-post-excerpt.default\">\n\t\t\t\t\t<p>V Bratislave sme mali mo\u017enos\u0165 realizova\u0165 v\u00fdnimo\u010dn\u00fd projekt pre spolo\u010dnos\u0165 EOS, ktor\u00e1 s\u00eddli v\t\t\t\t<\/div>\n\t\t\t\t<\/div>\n\t\t\t\t\t<\/div>\n\t\t\t\t<\/a>\n\t\t\t\t<\/div>\n\t\t<style id=\"loop-dynamic-2010\">.e-loop-item-4357 .elementor-element.elementor-element-caafbf8:not(.elementor-motion-effects-element-type-background), .e-loop-item-4357 .elementor-element.elementor-element-caafbf8 > .elementor-motion-effects-container > .elementor-motion-effects-layer{background-image:url(\"https:\/\/dexo.cz\/wp-content\/uploads\/2025\/07\/NOTINO-01.webp\");}<\/style>\t\t<div data-elementor-type=\"loop-item\" data-elementor-id=\"2010\" class=\"elementor elementor-2010 e-loop-item e-loop-item-4357 post-4357 post type-post status-publish format-standard has-post-thumbnail hentry category-prosklene-pricky\" data-elementor-post-type=\"elementor_library\" data-custom-edit-handle=\"1\">\n\t\t\t<a class=\"elementor-element elementor-element-62776c4 e-flex e-con-boxed e-con e-parent\" data-id=\"62776c4\" data-element_type=\"container\" href=\"https:\/\/dexo.cz\/sk\/dexo-prinasa-eleganciu-a-akusticky-komfort-do-novej-budovy-notina-v-brne\/\">\n\t\t\t\t\t<div class=\"e-con-inner\">\n\t\t<div class=\"elementor-element elementor-element-caafbf8 e-con-full bg-zoom e-flex e-con e-child\" data-id=\"caafbf8\" data-element_type=\"container\" data-settings=\"{&quot;background_background&quot;:&quot;classic&quot;}\">\n\t\t\t\t<\/div>\n\t\t<div class=\"elementor-element elementor-element-51215df e-con-full e-flex e-con e-child\" data-id=\"51215df\" data-element_type=\"container\" data-settings=\"{&quot;background_background&quot;:&quot;classic&quot;}\">\n\t\t\t\t<div class=\"elementor-element elementor-element-2a5d70a elementor-widget elementor-widget-heading\" data-id=\"2a5d70a\" data-element_type=\"widget\" data-widget_type=\"heading.default\">\n\t\t\t\t\t<span class=\"elementor-heading-title elementor-size-default\">15. 07. 2025<\/span>\t\t\t\t<\/div>\n\t\t\t\t<div class=\"elementor-element elementor-element-ecaddce elementor-widget elementor-widget-theme-post-title elementor-page-title elementor-widget-heading\" data-id=\"ecaddce\" data-element_type=\"widget\" data-widget_type=\"theme-post-title.default\">\n\t\t\t\t\t<h2 class=\"elementor-heading-title elementor-size-default\">DEXO prin\u00e1\u0161a eleganciu a akustick\u00fd komfort do novej budovy Notina v Brne<\/h2>\t\t\t\t<\/div>\n\t\t\t\t<div class=\"elementor-element elementor-element-0bba36c elementor-widget elementor-widget-theme-post-excerpt\" data-id=\"0bba36c\" data-element_type=\"widget\" data-widget_type=\"theme-post-excerpt.default\">\n\t\t\t\t\t<p>Zaoblen\u00e9 sklenen\u00e9 steny ako symbol modernej architekt\u00fary Za\u010diatkom tohto roka spolo\u010dnos\u0165 Notino sl\u00e1vnostne otvorila\t\t\t\t<\/div>\n\t\t\t\t<\/div>\n\t\t\t\t\t<\/div>\n\t\t\t\t<\/a>\n\t\t\t\t<\/div>\n\t\t<style id=\"loop-dynamic-2010\">.e-loop-item-2022 .elementor-element.elementor-element-caafbf8:not(.elementor-motion-effects-element-type-background), .e-loop-item-2022 .elementor-element.elementor-element-caafbf8 > .elementor-motion-effects-container > .elementor-motion-effects-layer{background-image:url(\"https:\/\/dexo.cz\/wp-content\/uploads\/2023\/11\/Ideabank-realizace.png\");}<\/style>\t\t<div data-elementor-type=\"loop-item\" data-elementor-id=\"2010\" class=\"elementor elementor-2010 e-loop-item e-loop-item-2022 post-2022 post type-post status-publish format-standard has-post-thumbnail hentry category-prosklene-pricky\" data-elementor-post-type=\"elementor_library\" data-custom-edit-handle=\"1\">\n\t\t\t<a class=\"elementor-element elementor-element-62776c4 e-flex e-con-boxed e-con e-parent\" data-id=\"62776c4\" data-element_type=\"container\" href=\"https:\/\/dexo.cz\/sk\/sklenene-akusticke-obklady-elegancia-a-funkcnost-pre-modernu-architekturu\/\">\n\t\t\t\t\t<div class=\"e-con-inner\">\n\t\t<div class=\"elementor-element elementor-element-caafbf8 e-con-full bg-zoom e-flex e-con e-child\" data-id=\"caafbf8\" data-element_type=\"container\" data-settings=\"{&quot;background_background&quot;:&quot;classic&quot;}\">\n\t\t\t\t<\/div>\n\t\t<div class=\"elementor-element elementor-element-51215df e-con-full e-flex e-con e-child\" data-id=\"51215df\" data-element_type=\"container\" data-settings=\"{&quot;background_background&quot;:&quot;classic&quot;}\">\n\t\t\t\t<div class=\"elementor-element elementor-element-2a5d70a elementor-widget elementor-widget-heading\" data-id=\"2a5d70a\" data-element_type=\"widget\" data-widget_type=\"heading.default\">\n\t\t\t\t\t<span class=\"elementor-heading-title elementor-size-default\">11. 05. 2025<\/span>\t\t\t\t<\/div>\n\t\t\t\t<div class=\"elementor-element elementor-element-ecaddce elementor-widget elementor-widget-theme-post-title elementor-page-title elementor-widget-heading\" data-id=\"ecaddce\" data-element_type=\"widget\" data-widget_type=\"theme-post-title.default\">\n\t\t\t\t\t<h2 class=\"elementor-heading-title elementor-size-default\">Presklen\u00e9 akustick\u00e9 prie\u010dky: elegancia a funk\u010dnos\u0165 pre modern\u00fa architekt\u00faru<\/h2>\t\t\t\t<\/div>\n\t\t\t\t<div class=\"elementor-element elementor-element-0bba36c elementor-widget elementor-widget-theme-post-excerpt\" data-id=\"0bba36c\" data-element_type=\"widget\" data-widget_type=\"theme-post-excerpt.default\">\n\t\t\t\t\t<p>Kombin\u00e1cia estetiky a akustick\u00e9ho komfortu zohr\u00e1va v s\u00fa\u010dasnosti v architekt\u00fare a interi\u00e9rovom dizajne k\u013e\u00fa\u010dov\u00fa \u00falohu.\t\t\t\t<\/div>\n\t\t\t\t<\/div>\n\t\t\t\t\t<\/div>\n\t\t\t\t<\/a>\n\t\t\t\t<\/div>\n\t\t<style id=\"loop-dynamic-2010\">.e-loop-item-3081 .elementor-element.elementor-element-caafbf8:not(.elementor-motion-effects-element-type-background), .e-loop-item-3081 .elementor-element.elementor-element-caafbf8 > .elementor-motion-effects-container > .elementor-motion-effects-layer{background-image:url(\"https:\/\/dexo.cz\/wp-content\/uploads\/2025\/06\/jak-pracujeme.webp\");}<\/style>\t\t<div data-elementor-type=\"loop-item\" data-elementor-id=\"2010\" class=\"elementor elementor-2010 e-loop-item e-loop-item-3081 post-3081 post type-post status-publish format-standard has-post-thumbnail hentry category-prosklene-pricky\" data-elementor-post-type=\"elementor_library\" data-custom-edit-handle=\"1\">\n\t\t\t<a class=\"elementor-element elementor-element-62776c4 e-flex e-con-boxed e-con e-parent\" data-id=\"62776c4\" data-element_type=\"container\" href=\"https:\/\/dexo.cz\/sk\/ako-pracujeme\/\">\n\t\t\t\t\t<div class=\"e-con-inner\">\n\t\t<div class=\"elementor-element elementor-element-caafbf8 e-con-full bg-zoom e-flex e-con e-child\" data-id=\"caafbf8\" data-element_type=\"container\" data-settings=\"{&quot;background_background&quot;:&quot;classic&quot;}\">\n\t\t\t\t<\/div>\n\t\t<div class=\"elementor-element elementor-element-51215df e-con-full e-flex e-con e-child\" data-id=\"51215df\" data-element_type=\"container\" data-settings=\"{&quot;background_background&quot;:&quot;classic&quot;}\">\n\t\t\t\t<div class=\"elementor-element elementor-element-2a5d70a elementor-widget elementor-widget-heading\" data-id=\"2a5d70a\" data-element_type=\"widget\" data-widget_type=\"heading.default\">\n\t\t\t\t\t<span class=\"elementor-heading-title elementor-size-default\">24. 04. 2025<\/span>\t\t\t\t<\/div>\n\t\t\t\t<div class=\"elementor-element elementor-element-ecaddce elementor-widget elementor-widget-theme-post-title elementor-page-title elementor-widget-heading\" data-id=\"ecaddce\" data-element_type=\"widget\" data-widget_type=\"theme-post-title.default\">\n\t\t\t\t\t<h2 class=\"elementor-heading-title elementor-size-default\">Ako pracujeme<\/h2>\t\t\t\t<\/div>\n\t\t\t\t<div class=\"elementor-element elementor-element-0bba36c elementor-widget elementor-widget-theme-post-excerpt\" data-id=\"0bba36c\" data-element_type=\"widget\" data-widget_type=\"theme-post-excerpt.default\">\n\t\t\t\t\t<p>Pre\u010d\u00edtajte si, ako spolupracujeme, a pozrite si kr\u00e1sne fotografie projektov, ktor\u00e9 sme dokon\u010dili.\t\t\t\t<\/div>\n\t\t\t\t<\/div>\n\t\t\t\t\t<\/div>\n\t\t\t\t<\/a>\n\t\t\t\t<\/div>\n\t\t\t\t<\/div>\n\t\t\n\t\t\t\t\t\t<\/div>\n\t\t\t\t<\/div>\n\t\t\t\t\t<\/div>\n\t\t\t\t<\/div>\n\t\t\t\t<\/div>","protected":false},"excerpt":{"rendered":"","protected":false},"author":1,"featured_media":0,"parent":0,"menu_order":0,"comment_status":"closed","ping_status":"closed","template":"elementor_header_footer","meta":{"footnotes":""},"class_list":["post-271","page","type-page","status-publish","hentry"],"_links":{"self":[{"href":"https:\/\/dexo.cz\/sk\/wp-json\/wp\/v2\/pages\/271","targetHints":{"allow":["GET"]}}],"collection":[{"href":"https:\/\/dexo.cz\/sk\/wp-json\/wp\/v2\/pages"}],"about":[{"href":"https:\/\/dexo.cz\/sk\/wp-json\/wp\/v2\/types\/page"}],"author":[{"embeddable":true,"href":"https:\/\/dexo.cz\/sk\/wp-json\/wp\/v2\/users\/1"}],"replies":[{"embeddable":true,"href":"https:\/\/dexo.cz\/sk\/wp-json\/wp\/v2\/comments?post=271"}],"version-history":[{"count":3,"href":"https:\/\/dexo.cz\/sk\/wp-json\/wp\/v2\/pages\/271\/revisions"}],"predecessor-version":[{"id":6902,"href":"https:\/\/dexo.cz\/sk\/wp-json\/wp\/v2\/pages\/271\/revisions\/6902"}],"wp:attachment":[{"href":"https:\/\/dexo.cz\/sk\/wp-json\/wp\/v2\/media?parent=271"}],"curies":[{"name":"wp","href":"https:\/\/api.w.org\/{rel}","templated":true}]}}